{"id":17,"date":"2024-12-18T10:13:49","date_gmt":"2024-12-18T10:13:49","guid":{"rendered":"https:\/\/ili.hu\/?page_id=17"},"modified":"2026-01-22T13:48:57","modified_gmt":"2026-01-22T13:48:57","slug":"nyelvvizsgak","status":"publish","type":"page","link":"https:\/\/ili.hu\/index.php\/nyelvvizsgak\/","title":{"rendered":"Nyelvvizsg\u00e1k"},"content":{"rendered":"\t\t<div data-elementor-type=\"wp-page\" data-elementor-id=\"17\" class=\"elementor elementor-17\" data-elementor-post-type=\"page\">\n\t\t\t\t<div class=\"elementor-element elementor-element-3d32a39 e-flex e-con-boxed e-con e-parent\" data-id=\"3d32a39\" data-element_type=\"container\" data-e-type=\"container\">\n\t\t\t\t\t<div class=\"e-con-inner\">\n\t\t<div class=\"elementor-element elementor-element-eeb4a2b e-con-full e-flex e-con e-child\" data-id=\"eeb4a2b\" data-element_type=\"container\" data-e-type=\"container\">\n\t\t\t\t<div class=\"elementor-element elementor-element-6acf301 elementor-widget elementor-widget-heading\" data-id=\"6acf301\" data-element_type=\"widget\" data-e-type=\"widget\" data-widget_type=\"heading.default\">\n\t\t\t\t<div class=\"elementor-widget-container\">\n\t\t\t\t\t<h2 class=\"elementor-heading-title elementor-size-default\">LanguageCert<\/h2>\t\t\t\t<\/div>\n\t\t\t\t<\/div>\n\t\t\t\t<div class=\"elementor-element elementor-element-2ba4b5f elementor-widget elementor-widget-image\" data-id=\"2ba4b5f\" data-element_type=\"widget\" data-e-type=\"widget\" data-widget_type=\"image.default\">\n\t\t\t\t<div class=\"elementor-widget-container\">\n\t\t\t\t\t\t\t\t\t\t\t\t\t\t\t<img decoding=\"async\" width=\"228\" height=\"77\" src=\"https:\/\/ili.hu\/wp-content\/uploads\/2024\/12\/LC-viszgahely.png\" class=\"attachment-large size-large wp-image-299\" alt=\"\" \/>\t\t\t\t\t\t\t\t\t\t\t\t\t\t\t<\/div>\n\t\t\t\t<\/div>\n\t\t\t\t<div class=\"elementor-element elementor-element-515dd7b elementor-widget elementor-widget-text-editor\" data-id=\"515dd7b\" data-element_type=\"widget\" data-e-type=\"widget\" id=\"idopontok\" data-widget_type=\"text-editor.default\">\n\t\t\t\t<div class=\"elementor-widget-container\">\n\t\t\t\t\t\t\t\t\t<div class=\"content\"><div class=\"right\"><h2>LanguageCert vizsgaid\u0151pontok 2026-ban<\/h2><table class=\"cm-table\" border=\"0\" cellspacing=\"0\" cellpadding=\"0\"><tbody><tr><th>vizsgaid\u0151szak<\/th><th>\u00cdr\u00e1sbeli,<br \/>sz\u00f3beli besz\u00e9d\u00e9rt\u00e9s vizsgar\u00e9sz<\/th><th>Sz\u00f3beli<br \/>besz\u00e9dk\u00e9szs\u00e9g vizsgar\u00e9sz<\/th><th>Jelentkez\u00e9s megnyit\u00e1sa<\/th><th>Jelentkez\u00e9si hat\u00e1rid\u0151<\/th><th>P\u00f3tjelentkez\u00e9si hat\u00e1rid\u0151<\/th><th>Szintek<\/th><th>eredm\u00e9nyk\u00f6zl\u00e9s hat\u00e1rideje<\/th><th>bizony\u00edtv\u00e1ny hat\u00e1rideje*<\/th><\/tr><tr><td><p>2026.02.06.-<br \/>2026.02.14.<\/p><\/td><td>2026. 02.07.<br \/>szombat<\/td><td><p>2026.02.06-07.<br \/>2026.02.13-14.<\/p><\/td><td>2026.01.01.<\/td><td>2026.01.16.<\/td><td>2026.01.20.<\/td><td>B1\u00a0<strong>,<\/strong><br \/>B2, C1<\/td><td>2026.03.06.<\/td><td>2026.04.03.*<\/td><\/tr><tr><td><p>2026.03.06.-<br \/>2026.03.14.<\/p><\/td><td><p>2026.03.07.<br \/>szombat<\/p><\/td><td><p>2026.03.06-07.<br \/>2026.03.13-14.<\/p><\/td><td>2026.01.23.<\/td><td>2026.02.13.<\/td><td>2026.02.17.<\/td><td>B2, C1<\/td><td>2026.04.03.<\/td><td>2026.05.01.*<\/td><\/tr><tr><td><p>2026.04.17.-<br \/>2026.04.25.<\/p><\/td><td>2026.04.18.<br \/>szombat<\/td><td><p>2026.04.17-18.<br \/>2026.04.24-25.<\/p><\/td><td>2026.03.06.<\/td><td>2026.03.27.<\/td><td>2026.03.31.<\/td><td>B2, C1<\/td><td>2026.05.08.<\/td><td>2026.06.12.*<\/td><\/tr><tr><td><p>2026.05.08.-<br \/>2026.05.16.<\/p><\/td><td>2026.05.09.<br \/>szombat<\/td><td><p>2026.05.08-09.<br \/>2026.05.15-16.<\/p><\/td><td>2026.03.27.<\/td><td>2026. 04.17.<\/td><td>2026.04.21.<\/td><td>B2, C1<\/td><td>2026.06.05.<\/td><td>2026.07.02.*<\/td><\/tr><tr><td>2026.09.11.-<br \/>2026.09.19.<\/td><td>2026.09.12.<br \/>szombat<\/td><td><p>2026.09.11-12.<br \/>2026.09.18-19.<\/p><\/td><td>2026.08.07.<\/td><td>2026.08.21.<\/td><td>2026.08.25.<\/td><td>B2, C1<\/td><td>2026.10.09.<\/td><td>2026.11.06.*<\/td><\/tr><tr><td><p>2026.10.09.-<br \/>2026.10.17.<\/p><\/td><td>2026.10.10.<br \/>szombat<\/td><td><p>2026.10.09-10.<br \/>2026.10.16-17.<\/p><\/td><td>2026.08.28.<\/td><td>2026.09.18.<\/td><td>2026.09.22.<\/td><td>B2, C1<\/td><td>2026.11.06.<\/td><td>2026.12.04.*<\/td><\/tr><tr><td><p>2026.12.04.-<br \/>2026.12.12.<\/p><\/td><td>2026.12.05.<br \/>szombat<\/td><td><p>2026.12.04-05.<br \/>2026.12.11-12.<\/p><\/td><td>2026.10.16.<\/td><td>2026.11.06.<\/td><td>2026.11.10.<\/td><td>B2, C1<\/td><td>2027.01.01.<\/td><td><p>2027.01.29.*<\/p><\/td><\/tr><tr><td colspan=\"9\">A sz\u00f3beli vizsg\u00e1k a megadott napok b\u00e1rmelyik\u00e9n lehetnek, a vizsgahely beoszt\u00e1sa alapj\u00e1n.<br \/>* A bizony\u00edtv\u00e1ny ki\u00e1ll\u00edt\u00e1s hat\u00e1rideje azokra a vizsg\u00e1z\u00f3kra vonatkozik akik nem adnak be fel\u00fclvizsg\u00e1lati k\u00e9relmet az eredm\u00e9nyk\u00f6zl\u00e9s ut\u00e1n.<\/td><\/tr><\/tbody><\/table><\/div><div>\u00a0<\/div><\/div>\t\t\t\t\t\t\t\t<\/div>\n\t\t\t\t<\/div>\n\t\t\t\t<div class=\"elementor-element elementor-element-df75965 elementor-align-center elementor-widget elementor-widget-button\" data-id=\"df75965\" data-element_type=\"widget\" data-e-type=\"widget\" data-widget_type=\"button.default\">\n\t\t\t\t<div class=\"elementor-widget-container\">\n\t\t\t\t\t\t\t\t\t<div class=\"elementor-button-wrapper\">\n\t\t\t\t\t<a class=\"elementor-button elementor-button-link elementor-size-sm\" href=\"https:\/\/languagecert.hu\/informacio_vizsga\" target=\"_blank\">\n\t\t\t\t\t\t<span class=\"elementor-button-content-wrapper\">\n\t\t\t\t\t\t\t\t\t<span class=\"elementor-button-text\">M\u00c9G T\u00d6BB INFO<\/span>\n\t\t\t\t\t<\/span>\n\t\t\t\t\t<\/a>\n\t\t\t\t<\/div>\n\t\t\t\t\t\t\t\t<\/div>\n\t\t\t\t<\/div>\n\t\t\t\t<div class=\"elementor-element elementor-element-95c3ea0 elementor-widget elementor-widget-text-editor\" data-id=\"95c3ea0\" data-element_type=\"widget\" data-e-type=\"widget\" data-widget_type=\"text-editor.default\">\n\t\t\t\t<div class=\"elementor-widget-container\">\n\t\t\t\t\t\t\t\t\t<p><strong>A nyelvvizsga el\u0151nyei<\/strong><\/p><ul><li>nemzetk\u00f6zileg elismert egynyelv\u0171 nyelvvizsga<\/li><li>ide\u00e1lis v\u00e1laszt\u00e1s hazai \u00e9s k\u00fclf\u00f6ldi tanulm\u00e1nyokhoz, munkav\u00e1llal\u00e1shoz<\/li><li>a gyakorlati, kommunikat\u00edv nyelvtud\u00e1sra helyezi a hangs\u00falyt<\/li><li>a feladatok h\u00e9tk\u00f6znapiak, \u00e9letszer\u0171ek<\/li><li>a vizsga alatt egynyelv\u0171 sz\u00f3t\u00e1r haszn\u00e1lata megengedett<\/li><li>a sz\u00f3beli vizsg\u00e1n tan\u00e1r-di\u00e1k p\u00e1rbesz\u00e9dek zajlanak<\/li><li>k\u00e9szs\u00e9genk\u00e9nt 50%-t\u00f3l sikeres<\/li><\/ul><p><strong>A nyelvvizsga fel\u00e9p\u00edt\u00e9se<\/strong><\/p><p>A LanguageCert Vizsgak\u00f6zpont egynyelv\u0171 \u00edr\u00e1sbeli, sz\u00f3beli vagy komplex angol nyelvvizsg\u00e1kat k\u00edn\u00e1l Magyarorsz\u00e1gon.\u00a0<br \/>A vizsg\u00e1k a k\u00f6vetkez\u0151 vizsgar\u00e9szekb\u0151l \u00e1llnak:<\/p><p><u>\u00edr\u00e1sbeli r\u00e9szvizsga<\/u><\/p><p>1. olvasott sz\u00f6veg \u00e9rt\u00e9se \u00a0<br \/>2. \u00edrott sz\u00f6veg l\u00e9trehoz\u00e1sa<\/p><p><u>sz\u00f3beli r\u00e9szvizsga<\/u><\/p><p>1. besz\u00e9dk\u00e9szs\u00e9g m\u00e9r\u00e9se<br \/>2. hall\u00e1s ut\u00e1ni sz\u00f6veg\u00e9rt\u00e9s<\/p><p><u>komplex vizsga<\/u><\/p><p>\u00edr\u00e1sbeli r\u00e9szvizsga + sz\u00f3beli r\u00e9szvizsga<\/p><p><strong>Nyelvvizsga \u00e9rt\u00e9kel\u00e9se:\u00a0<\/strong><\/p><p><a href=\"https:\/\/www.languagecert.hu\/ertekeles\" target=\"_blank\" rel=\"noopener\" data-saferedirecturl=\"https:\/\/www.google.com\/url?q=https:\/\/www.languagecert.hu\/ertekeles&amp;source=gmail&amp;ust=1673795318295000&amp;usg=AOvVaw34L9WVHpPnomjW1T21NxM2\">https:\/\/www.languagecert.hu\/&lt;wbr\/&gt;ertekeles<\/a><\/p><p><strong>Eredm\u00e9nyek k\u00f6zl\u00e9se<\/strong><\/p><p>A vizsgak\u00f6zpont felt\u00f6lti az eredm\u00e9nyeket az vizsg\u00e1z\u00f3k online vizsgafi\u00f3kj\u00e1ba amint a v\u00e9gleges eredm\u00e9nyek rendelkez\u00e9sre \u00e1llnak.<br \/>Ez nem lehet k\u00e9s\u0151bb, mint az els\u0151 vizsgaalkalomt\u00f3l sz\u00e1m\u00edtott 30 nap.<br \/>A Vizsgak\u00f6zpont emailben \u00e9rtes\u00edti a vizsg\u00e1z\u00f3kat az eredm\u00e9nyek k\u00f6zz\u00e9t\u00e9tel\u00e9r\u0151l.\u00a0<\/p><p><strong>Felk\u00e9sz\u00edt\u00e9st seg\u00edt\u0151 anyagok<\/strong><\/p><p>Tov\u00e1bbi r\u00e9szletes le\u00edr\u00e1s a vizsg\u00e1r\u00f3l, gyakorl\u00f3 feladatsorok, mintamegold\u00e1sok \u00e9s r\u00e9szletes t\u00e1j\u00e9koztat\u00f3 az el\u00e9rhet\u0151 felk\u00e9sz\u00edt\u0151 anyagokr\u00f3l a k\u00f6vetkez\u0151 oldalon tal\u00e1lhat\u00f3:<br \/><a href=\"https:\/\/www.languagecert.hu\/segitseg_vizsgafelkeszules_diak\" target=\"_blank\" rel=\"noopener\" data-saferedirecturl=\"https:\/\/www.google.com\/url?q=https:\/\/www.languagecert.hu\/segitseg_vizsgafelkeszules_diak&amp;source=gmail&amp;ust=1673795318295000&amp;usg=AOvVaw3wLJSAGBr3y3y9_AAlGKcg\">https:\/\/www.languagecert.hu\/&lt;wbr\/&gt;segitseg_vizsgafelkeszules_&lt;wbr\/&gt;diak<\/a><\/p><p><strong>Vizsgad\u00edj visszaig\u00e9nyl\u00e9se:\u00a0<\/strong><\/p><p><a href=\"https:\/\/www.languagecert.hu\/nyelvvizsga_tamogatas\" target=\"_blank\" rel=\"noopener\" data-saferedirecturl=\"https:\/\/www.google.com\/url?q=https:\/\/www.languagecert.hu\/nyelvvizsga_tamogatas&amp;source=gmail&amp;ust=1673795318295000&amp;usg=AOvVaw3rLTE9j9EbdYGazoG7u388\">https:\/\/www.languagecert.hu\/&lt;wbr\/&gt;nyelvvizsga_tamogatas<\/a><\/p><p><strong>2024-es felv\u00e9teli sor\u00e1n szerezhet\u0151 int\u00e9zm\u00e9nyi pontok:\u00a0<\/strong><\/p><p><a href=\"https:\/\/www.languagecert.hu\/2024_felveteli\" target=\"_blank\" rel=\"noopener\" data-saferedirecturl=\"https:\/\/www.google.com\/url?q=https:\/\/www.languagecert.hu\/2024_felveteli&amp;source=gmail&amp;ust=1673795318295000&amp;usg=AOvVaw2ujH-BeIJ4ztRiu_ug33Xi\">https:\/\/www.languagecert.hu\/&lt;wbr\/&gt;2024_felveteli<\/a><\/p><p><strong>Jelentkez\u00e9s<\/strong><\/p><p>A vizsg\u00e1z\u00f3k a k\u00f6vetkez\u0151 oldalon tudnak regisztr\u00e1lni \u00e9s jelentkez\u00e9st leadni a vizsg\u00e1ra:<br \/><a href=\"https:\/\/lcert.nyelvvizsgajelentkezes.hu\/\" target=\"_blank\" rel=\"noopener\" data-saferedirecturl=\"https:\/\/www.google.com\/url?q=https:\/\/lcert.nyelvvizsgajelentkezes.hu\/&amp;source=gmail&amp;ust=1673795318295000&amp;usg=AOvVaw2wm5lYMxBeA-AN3WDJEj5C\">https:\/\/lcert.&lt;wbr\/&gt;nyelvvizsgajelentkezes.hu<\/a><\/p><p><strong>Vizsgak\u00f6zpont el\u00e9rhet\u0151s\u00e9gei<\/strong><\/p><p>Munkat\u00e1rsaink sz\u00edvesen \u00e1llnak az \u00d6n\u00f6k rendelkez\u00e9s\u00e9re a k\u00f6vetkez\u0151 el\u00e9rhet\u0151s\u00e9geken:\u00a0<br \/>LanguageCert Nyelvvizsgak\u00f6zpont<br \/>1095 Budapest, Soroks\u00e1ri \u00fat 48.<br \/>T: +36\u00a0 1 612 0308<br \/>E:\u00a0\u00a0<a href=\"mailto:info@languagecert.hu\" target=\"_blank\" rel=\"noopener\">info@languagecert.hu<\/a><br \/>W:\u00a0\u00a0<a href=\"https:\/\/www.languagecert.hu\/\" target=\"_blank\" rel=\"noopener\" data-saferedirecturl=\"https:\/\/www.google.com\/url?q=https:\/\/www.languagecert.hu\/&amp;source=gmail&amp;ust=1673795318295000&amp;usg=AOvVaw38oJ_pgtTX5_gQ1J05t08Q\">www.languagecert.hu<\/a><\/p><p><strong>Fel\u00fcgyeleti szerv:\u00a0<\/strong>Oktat\u00e1si Hivatal Nyelvvizsg\u00e1ztat\u00e1si Akkredit\u00e1ci\u00f3s K\u00f6zpont\u00a0<a href=\"https:\/\/nyak.oh.gov.hu\/\" target=\"_blank\" rel=\"noopener\" data-saferedirecturl=\"https:\/\/www.google.com\/url?q=https:\/\/nyak.oh.gov.hu\/&amp;source=gmail&amp;ust=1673795318295000&amp;usg=AOvVaw3lHswewQWxyCqz75WynCXX\">https:\/\/nyak.oh.gov.hu<\/a><\/p>\t\t\t\t\t\t\t\t<\/div>\n\t\t\t\t<\/div>\n\t\t\t\t<\/div>\n\t\t\t\t\t<\/div>\n\t\t\t\t<\/div>\n\t\t<div class=\"elementor-element elementor-element-676fd95 e-flex e-con-boxed e-con e-parent\" data-id=\"676fd95\" data-element_type=\"container\" data-e-type=\"container\" data-settings=\"{&quot;background_background&quot;:&quot;classic&quot;}\">\n\t\t\t\t\t<div class=\"e-con-inner\">\n\t\t<div class=\"elementor-element elementor-element-c4525f9 e-con-full e-flex e-con e-child\" data-id=\"c4525f9\" data-element_type=\"container\" data-e-type=\"container\">\n\t\t\t\t<div class=\"elementor-element elementor-element-71ee11a elementor-widget elementor-widget-heading\" data-id=\"71ee11a\" data-element_type=\"widget\" data-e-type=\"widget\" data-widget_type=\"heading.default\">\n\t\t\t\t<div class=\"elementor-widget-container\">\n\t\t\t\t\t<h2 class=\"elementor-heading-title elementor-size-default\">2024 fels\u0151oktat\u00e1si t\u00f6bbletpontok<\/h2>\t\t\t\t<\/div>\n\t\t\t\t<\/div>\n\t\t\t\t<div class=\"elementor-element elementor-element-e750c4a elementor-widget elementor-widget-text-editor\" data-id=\"e750c4a\" data-element_type=\"widget\" data-e-type=\"widget\" data-widget_type=\"text-editor.default\">\n\t\t\t\t<div class=\"elementor-widget-container\">\n\t\t\t\t\t\t\t\t\t<div class=\"row\"><div class=\"col-lg-12\"><div class=\"tabs \"><div class=\"tab-content\"><div id=\"tab-18001\" class=\"tab-pane active\" role=\"tabpanel\"><h3>2024 fels\u0151oktat\u00e1si felv\u00e9teli elj\u00e1r\u00e1s<\/h3><p><br \/>Az elj\u00e1r\u00e1ssal kapcsolatos eredeti inform\u00e1ci\u00f3 megtal\u00e1lhat\u00f3 a k\u00f6vetkez\u0151 linken is:<\/p><p><a href=\"https:\/\/www.languagecert.hu\/2024_felveteli\">https:\/\/www.languagecert.hu\/2024_felveteli<\/a>\u00a0<\/p><p>Szeretn\u00e9nk t\u00e1j\u00e9koztatni benneteket arr\u00f3l a nagyon fontos v\u00e1ltoz\u00e1sr\u00f3l, amely a legfrissebb fels\u0151oktat\u00e1si t\u00f6rv\u00e9nym\u00f3dos\u00edt\u00e1st k\u00f6vet\u0151en a nyelvvizsga felv\u00e9teli rendszerbeli s\u00falyoz\u00e1s\u00e1ban is v\u00e1ltoz\u00e1st hoz a 2024 szeptembere ut\u00e1ni fels\u0151oktat\u00e1si felv\u00e9teli elj\u00e1r\u00e1sokban.<\/p><p>Mint bizony\u00e1ra hallottatok is r\u00f3la, az egyetemek most m\u00e1r saj\u00e1t hat\u00e1sk\u00f6rben d\u00f6nthetnek a felv\u00e9teli elj\u00e1r\u00e1s sor\u00e1n a k\u00f6z\u00e9pfok\u00fa rendszerben, az \u00e9retts\u00e9givel bez\u00e1r\u00f3lag megszerezhet\u0151 maximum 400 pont felett adhat\u00f3 100 pontr\u00f3l. Az elm\u00falt p\u00e1r h\u00e9tben az egyetemek megjelentett\u00e9k a nyelvvizsg\u00e1k ut\u00e1n megszerezhet\u0151 pontsz\u00e1maikat.<\/p><p>Ez alapj\u00e1n egy\u00e9rtelm\u0171v\u00e9 v\u00e1lt, hogy a nyelvvizsg\u00e1nak kiemelten fontos szerepe lesz a felv\u00e9teliz\u0151k sz\u00e1m\u00e1ra, hiszen ez az egyetlen olyan t\u00f6bbletpont-forr\u00e1s, amelynek megszerz\u00e9se nem ig\u00e9nyel p\u00e9ld\u00e1ul kiemelked\u0151 egy\u00e9ni orsz\u00e1gos vagy region\u00e1lis teljes\u00edtm\u00e9nyt valamely sport- vagy tanulm\u00e1nyi ter\u00fcleten. K\u00f6nnyen el\u0151fordulhat, hogy azon di\u00e1kok, akik nem rendelkeznek majd valamilyen (jellemz\u0151en B2 vagy C1 szint\u0171) nyelvvizsg\u00e1val, sz\u00e1mottev\u0151 versenyh\u00e1tr\u00e1nnyal indulhatnak az adott \u00e9vi felv\u00e9teli elj\u00e1r\u00e1sban \u00e9s\/vagy nem a sz\u00e1mukra legoptim\u00e1lisabb fels\u00f3oktat\u00e1si int\u00e9zm\u00e9nybe tudnak majd beker\u00fclni.<\/p><p>Fontos, hogy a di\u00e1kjaitokban is tudatos\u00edts\u00e1tok, hogy a di\u00e1kok k\u00f6r\u00e9ben gyakran terjed\u0151 t\u00e9ves k\u00f6zhiedelmekkel ellent\u00e9tben a nyelvvizsga megszerz\u00e9se fontosabb\u00e1 v\u00e1lik sz\u00e1mukra, mint b\u00e1rmikor az eddigiekben.<\/p><p>\u00a0<\/p><p><a href=\"https:\/\/www.languagecert.hu\/files\/lcert\/felveteli_pontok_2024.pdf\" target=\"_blank\" rel=\"noopener\"><img decoding=\"async\" src=\"https:\/\/www.languagecert.hu\/images\/file-pdf.gif\" alt=\"pdf\" \/>Nyelvvizsga ut\u00e1n kaphat\u00f3 int\u00e9zm\u00e9nyi pontok<\/a><\/p><p>A lista alapj\u00e1n k\u00e9zzelfoghat\u00f3 el\u0151ny\u00f6k az \u00faj rendszerben:<\/p><p>\u2022\u00a0\u00a0 \u00a0egy int\u00e9zm\u00e9ny (Tomori P\u00e1l F\u0151iskola) kiv\u00e9tel\u00e9vel minden fels\u0151oktat\u00e1si int\u00e9zm\u00e9ny aj\u00e1nl pontokat a nyelvvizsg\u00e1k\u00e9rt a felv\u00e9teli elj\u00e1r\u00e1sban<br \/>\u2022\u00a0\u00a0 \u00a0a C1 szint\u0171 nyelvvizsg\u00e1kat az \u00faj felv\u00e9teli rendszerben az eddigiekben megszerezhet\u0151 40 pontn\u00e1l \u00e1ltal\u00e1ban j\u00f3val magasabbra s\u00falyozz\u00e1k, \u00edgy az eddigiekn\u00e9l l\u00e9nyegesen jobban j\u00e1rnak majd a fels\u0151fok\u00fa nyelvvizsg\u00e1val rendelkez\u0151 felv\u00e9teliz\u0151k<br \/>\u2022\u00a0\u00a0 \u00a0sok helyen a B2 szint\u0171 nyelvvizsg\u00e1t is az eddigiekn\u00e9l t\u00f6bb ponttal honor\u00e1lj\u00e1k<br \/>\u2022\u00a0\u00a0 \u00a0t\u00f6bb egyetemen m\u00e1r r\u00e9szvizsg\u00e1k\u00e9rt (k\u00fcl\u00f6n \u00edr\u00e1sbeli\u00e9rt \u00e9s sz\u00f3beli\u00e9rt) is szerezhet\u0151 t\u00f6bbletpont<\/p><p>A szakokra lebontott r\u00e9szletes pontsz\u00e1mokr\u00f3l sz\u00f3l\u00f3 b\u0151vebb inform\u00e1ci\u00f3t a felvi.hu oldal\u00e1n tal\u00e1ltok.<\/p><p><a href=\"https:\/\/www.felvi.hu\/felveteli\/pontszamitas\/felveteli_valtozasok_2024\" target=\"_blank\" rel=\"noopener\">https:\/\/www.felvi.hu\/felveteli\/pontszamitas\/felveteli_valtozasok_2024<\/a><\/p><p><a href=\"https:\/\/www.felvi.hu\/felveteli\/jelentkezes\/felveteli_tajekoztato\/FFT_2023K\/8_tablazatok\/pontszamitas2024\" target=\"_blank\" rel=\"noopener\">https:\/\/www.felvi.hu\/felveteli\/jelentkezes\/felveteli_tajekoztato\/FFT_2023K\/8_tablazatok\/pontszamitas2024<\/a><\/p><\/div><\/div><\/div><\/div><\/div><div class=\"row\">\u00a0<\/div>\t\t\t\t\t\t\t\t<\/div>\n\t\t\t\t<\/div>\n\t\t\t\t<\/div>\n\t\t\t\t\t<\/div>\n\t\t\t\t<\/div>\n\t\t\t\t<\/div>\n\t\t","protected":false},"excerpt":{"rendered":"<p>LanguageCert LanguageCert vizsgaid\u0151pontok 2026-ban vizsgaid\u0151szak \u00cdr\u00e1sbeli,sz\u00f3beli besz\u00e9d\u00e9rt\u00e9s vizsgar\u00e9sz Sz\u00f3belibesz\u00e9dk\u00e9szs\u00e9g vizsgar\u00e9sz Jelentkez\u00e9s megnyit\u00e1sa Jelentkez\u00e9si hat\u00e1rid\u0151 P\u00f3tjelentkez\u00e9si hat\u00e1rid\u0151 Szintek eredm\u00e9nyk\u00f6zl\u00e9s hat\u00e1rideje bizony\u00edtv\u00e1ny hat\u00e1rideje* 2026.02.06.-2026.02.14. 2026. 02.07.szombat 2026.02.06-07.2026.02.13-14. 2026.01.01. 2026.01.16. 2026.01.20. B1\u00a0,B2, C1 2026.03.06. 2026.04.03.* 2026.03.06.-2026.03.14. 2026.03.07.szombat 2026.03.06-07.2026.03.13-14. 2026.01.23. 2026.02.13. 2026.02.17. B2, C1 2026.04.03. 2026.05.01.* 2026.04.17.-2026.04.25. 2026.04.18.szombat 2026.04.17-18.2026.04.24-25. 2026.03.06. 2026.03.27. 2026.03.31. B2, C1 2026.05.08. 2026.06.12.* 2026.05.08.-2026.05.16. 2026.05.09.szombat 2026.05.08-09.2026.05.15-16. [&hellip;]<\/p>\n","protected":false},"author":1,"featured_media":0,"parent":0,"menu_order":0,"comment_status":"closed","ping_status":"closed","template":"","meta":{"footnotes":""},"class_list":["post-17","page","type-page","status-publish","hentry"],"_links":{"self":[{"href":"https:\/\/ili.hu\/index.php\/wp-json\/wp\/v2\/pages\/17","targetHints":{"allow":["GET"]}}],"collection":[{"href":"https:\/\/ili.hu\/index.php\/wp-json\/wp\/v2\/pages"}],"about":[{"href":"https:\/\/ili.hu\/index.php\/wp-json\/wp\/v2\/types\/page"}],"author":[{"embeddable":true,"href":"https:\/\/ili.hu\/index.php\/wp-json\/wp\/v2\/users\/1"}],"replies":[{"embeddable":true,"href":"https:\/\/ili.hu\/index.php\/wp-json\/wp\/v2\/comments?post=17"}],"version-history":[{"count":59,"href":"https:\/\/ili.hu\/index.php\/wp-json\/wp\/v2\/pages\/17\/revisions"}],"predecessor-version":[{"id":821,"href":"https:\/\/ili.hu\/index.php\/wp-json\/wp\/v2\/pages\/17\/revisions\/821"}],"wp:attachment":[{"href":"https:\/\/ili.hu\/index.php\/wp-json\/wp\/v2\/media?parent=17"}],"curies":[{"name":"wp","href":"https:\/\/api.w.org\/{rel}","templated":true}]}}