{"id":23,"date":"2024-12-18T10:14:51","date_gmt":"2024-12-18T10:14:51","guid":{"rendered":"https:\/\/ili.hu\/?page_id=23"},"modified":"2025-02-24T13:55:05","modified_gmt":"2025-02-24T13:55:05","slug":"maganszemelyeknek","status":"publish","type":"page","link":"https:\/\/ili.hu\/index.php\/maganszemelyeknek\/","title":{"rendered":"Mag\u00e1nszem\u00e9lyeknek"},"content":{"rendered":"\t\t<div data-elementor-type=\"wp-page\" data-elementor-id=\"23\" class=\"elementor elementor-23\" data-elementor-post-type=\"page\">\n\t\t\t\t<div class=\"elementor-element elementor-element-4a3db55 e-flex e-con-boxed e-con e-parent\" data-id=\"4a3db55\" data-element_type=\"container\" data-e-type=\"container\">\n\t\t\t\t\t<div class=\"e-con-inner\">\n\t\t\t\t<div class=\"elementor-element elementor-element-1e9673d elementor-widget elementor-widget-heading\" data-id=\"1e9673d\" data-element_type=\"widget\" data-e-type=\"widget\" data-widget_type=\"heading.default\">\n\t\t\t\t<div class=\"elementor-widget-container\">\n\t\t\t\t\t<h2 class=\"elementor-heading-title elementor-size-default\">Nyelvoktat\u00e1s mag\u00e1nszem\u00e9lyeknek<\/h2>\t\t\t\t<\/div>\n\t\t\t\t<\/div>\n\t\t\t\t\t<\/div>\n\t\t\t\t<\/div>\n\t\t<div class=\"elementor-element elementor-element-e125e00 e-flex e-con-boxed e-con e-parent\" data-id=\"e125e00\" data-element_type=\"container\" data-e-type=\"container\" data-settings=\"{&quot;background_background&quot;:&quot;classic&quot;}\">\n\t\t\t\t\t<div class=\"e-con-inner\">\n\t\t<div class=\"elementor-element elementor-element-01232fc e-con-full e-flex elementor-invisible e-con e-child\" data-id=\"01232fc\" data-element_type=\"container\" data-e-type=\"container\" data-settings=\"{&quot;background_background&quot;:&quot;classic&quot;,&quot;animation&quot;:&quot;fadeInLeft&quot;}\">\n\t\t\t\t<div class=\"elementor-element elementor-element-e6c2560 elementor-widget elementor-widget-heading\" data-id=\"e6c2560\" data-element_type=\"widget\" data-e-type=\"widget\" data-widget_type=\"heading.default\">\n\t\t\t\t<div class=\"elementor-widget-container\">\n\t\t\t\t\t<h2 class=\"elementor-heading-title elementor-size-default\">\u00c1ltal\u00e1nos \u00e9s szaknyelv oktat\u00e1s<\/h2>\t\t\t\t<\/div>\n\t\t\t\t<\/div>\n\t\t\t\t<div class=\"elementor-element elementor-element-4421a60 elementor-widget elementor-widget-text-editor\" data-id=\"4421a60\" data-element_type=\"widget\" data-e-type=\"widget\" data-widget_type=\"text-editor.default\">\n\t\t\t\t<div class=\"elementor-widget-container\">\n\t\t\t\t\t\t\t\t\t<p>angol, n\u00e9met, francia, olasz, spanyol, magyar, sv\u00e9d, d\u00e1n nyelvek,<\/p><p>kis csoportokban, vagy egy\u00e9nileg.<\/p>\t\t\t\t\t\t\t\t<\/div>\n\t\t\t\t<\/div>\n\t\t\t\t<\/div>\n\t\t<div class=\"elementor-element elementor-element-371a35a e-con-full e-flex elementor-invisible e-con e-child\" data-id=\"371a35a\" data-element_type=\"container\" data-e-type=\"container\" data-settings=\"{&quot;background_background&quot;:&quot;classic&quot;,&quot;animation&quot;:&quot;fadeInRight&quot;,&quot;animation_delay&quot;:200}\">\n\t\t\t\t<div class=\"elementor-element elementor-element-ab0fc8f elementor-widget elementor-widget-heading\" data-id=\"ab0fc8f\" data-element_type=\"widget\" data-e-type=\"widget\" data-widget_type=\"heading.default\">\n\t\t\t\t<div class=\"elementor-widget-container\">\n\t\t\t\t\t<h2 class=\"elementor-heading-title elementor-size-default\">Kommunik\u00e1ci\u00f3s tr\u00e9ningek angolul<\/h2>\t\t\t\t<\/div>\n\t\t\t\t<\/div>\n\t\t\t\t<div class=\"elementor-element elementor-element-e747210 elementor-widget elementor-widget-text-editor\" data-id=\"e747210\" data-element_type=\"widget\" data-e-type=\"widget\" data-widget_type=\"text-editor.default\">\n\t\t\t\t<div class=\"elementor-widget-container\">\n\t\t\t\t\t\t\t\t\t<p>prezent\u00e1ci\u00f3, t\u00e1rgyal\u00e1s, telefon\u00e1l\u00e1s technika, \u00fczleti levelez\u00e9s tr\u00e9ning\u00a0<\/p>\t\t\t\t\t\t\t\t<\/div>\n\t\t\t\t<\/div>\n\t\t\t\t<\/div>\n\t\t\t\t\t<\/div>\n\t\t\t\t<\/div>\n\t\t<div class=\"elementor-element elementor-element-47745e7 e-flex e-con-boxed e-con e-parent\" data-id=\"47745e7\" data-element_type=\"container\" data-e-type=\"container\" data-settings=\"{&quot;background_background&quot;:&quot;classic&quot;}\">\n\t\t\t\t\t<div class=\"e-con-inner\">\n\t\t\t\t\t<\/div>\n\t\t\t\t<\/div>\n\t\t<div class=\"elementor-element elementor-element-4953968 e-flex e-con-boxed e-con e-parent\" data-id=\"4953968\" data-element_type=\"container\" data-e-type=\"container\" data-settings=\"{&quot;background_background&quot;:&quot;classic&quot;}\">\n\t\t\t\t\t<div class=\"e-con-inner\">\n\t\t<div class=\"elementor-element elementor-element-6df1315 e-con-full e-flex elementor-invisible e-con e-child\" data-id=\"6df1315\" data-element_type=\"container\" data-e-type=\"container\" data-settings=\"{&quot;background_background&quot;:&quot;classic&quot;,&quot;animation&quot;:&quot;fadeInUp&quot;,&quot;animation_delay&quot;:200}\">\n\t\t\t\t<div class=\"elementor-element elementor-element-e7e2e96 elementor-widget elementor-widget-heading\" data-id=\"e7e2e96\" data-element_type=\"widget\" data-e-type=\"widget\" data-widget_type=\"heading.default\">\n\t\t\t\t<div class=\"elementor-widget-container\">\n\t\t\t\t\t<h2 class=\"elementor-heading-title elementor-size-default\">Nyelvvizsg\u00e1kra felk\u00e9sz\u00edt\u00e9s<\/h2>\t\t\t\t<\/div>\n\t\t\t\t<\/div>\n\t\t\t\t<div class=\"elementor-element elementor-element-24d6575 elementor-widget elementor-widget-text-editor\" data-id=\"24d6575\" data-element_type=\"widget\" data-e-type=\"widget\" data-widget_type=\"text-editor.default\">\n\t\t\t\t<div class=\"elementor-widget-container\">\n\t\t\t\t\t\t\t\t\t<p>Language-Cert &#8211; <a href=\"https:\/\/www.languagecert.hu\">https:\/\/www.languagecert.hu<\/a><\/p><p>LCCI, EURO, BME, Orig\u00f3, Zertifikat<\/p>\t\t\t\t\t\t\t\t<\/div>\n\t\t\t\t<\/div>\n\t\t\t\t<\/div>\n\t\t<div class=\"elementor-element elementor-element-69ed515 e-con-full e-flex elementor-invisible e-con e-child\" data-id=\"69ed515\" data-element_type=\"container\" data-e-type=\"container\" data-settings=\"{&quot;background_background&quot;:&quot;classic&quot;,&quot;animation&quot;:&quot;fadeInUp&quot;}\">\n\t\t\t\t<div class=\"elementor-element elementor-element-b5c52df elementor-widget elementor-widget-heading\" data-id=\"b5c52df\" data-element_type=\"widget\" data-e-type=\"widget\" data-widget_type=\"heading.default\">\n\t\t\t\t<div class=\"elementor-widget-container\">\n\t\t\t\t\t<h2 class=\"elementor-heading-title elementor-size-default\">Akredit\u00e1lt nyelvvizsga partner <br> \u00e9s vizsgahely vagyunk<\/h2>\t\t\t\t<\/div>\n\t\t\t\t<\/div>\n\t\t\t\t<div class=\"elementor-element elementor-element-291293e elementor-widget elementor-widget-text-editor\" data-id=\"291293e\" data-element_type=\"widget\" data-e-type=\"widget\" id=\"lcvh\" data-widget_type=\"text-editor.default\">\n\t\t\t\t<div class=\"elementor-widget-container\">\n\t\t\t\t\t\t\t\t\t<p>\u00a0Language-Cert &#8211;\u00a0<a href=\"https:\/\/www.languagecert.hu\/Vizsgahelyeink\">https:\/\/www.languagecert.hu\/Vizsgahelyeink<\/a><\/p>\t\t\t\t\t\t\t\t<\/div>\n\t\t\t\t<\/div>\n\t\t\t\t<\/div>\n\t\t<div class=\"elementor-element elementor-element-dd6cb08 e-con-full e-flex elementor-invisible e-con e-child\" data-id=\"dd6cb08\" data-element_type=\"container\" data-e-type=\"container\" data-settings=\"{&quot;background_background&quot;:&quot;classic&quot;,&quot;animation&quot;:&quot;fadeInUp&quot;,&quot;animation_delay&quot;:400}\">\n\t\t\t\t<div class=\"elementor-element elementor-element-a57056a elementor-widget elementor-widget-heading\" data-id=\"a57056a\" data-element_type=\"widget\" data-e-type=\"widget\" data-widget_type=\"heading.default\">\n\t\t\t\t<div class=\"elementor-widget-container\">\n\t\t\t\t\t<h2 class=\"elementor-heading-title elementor-size-default\"><a href=\"https:\/\/www.languagecert.hu\">Language-Cert \u00c1llami elismert nyelvvizsga<\/a><\/h2>\t\t\t\t<\/div>\n\t\t\t\t<\/div>\n\t\t\t\t<\/div>\n\t\t\t\t\t<\/div>\n\t\t\t\t<\/div>\n\t\t<div class=\"elementor-element elementor-element-6ed42e1 e-flex e-con-boxed e-con e-parent\" data-id=\"6ed42e1\" data-element_type=\"container\" data-e-type=\"container\" data-settings=\"{&quot;background_background&quot;:&quot;classic&quot;}\">\n\t\t\t\t\t<div class=\"e-con-inner\">\n\t\t<div class=\"elementor-element elementor-element-d7c0566 e-con-full e-flex e-con e-child\" data-id=\"d7c0566\" data-element_type=\"container\" data-e-type=\"container\">\n\t\t\t\t<div class=\"elementor-element elementor-element-af4f422 elementor-widget elementor-widget-heading\" data-id=\"af4f422\" data-element_type=\"widget\" data-e-type=\"widget\" data-widget_type=\"heading.default\">\n\t\t\t\t<div class=\"elementor-widget-container\">\n\t\t\t\t\t<h2 class=\"elementor-heading-title elementor-size-default\">C\u00e9lunk \u00e9s k\u00fcldet\u00e9s\u00fcnk, hogy versenyk\u00e9pes \u00e1ron <br>min\u0151s\u00e9gi szolg\u00e1ltat\u00e1st\u00a0tudjunk adni \u00fcgyfeleink r\u00e9sz\u00e9re.<\/h2>\t\t\t\t<\/div>\n\t\t\t\t<\/div>\n\t\t\t\t<div class=\"elementor-element elementor-element-a8f029a elementor-widget elementor-widget-heading\" data-id=\"a8f029a\" data-element_type=\"widget\" data-e-type=\"widget\" data-widget_type=\"heading.default\">\n\t\t\t\t<div class=\"elementor-widget-container\">\n\t\t\t\t\t<h2 class=\"elementor-heading-title elementor-size-default\">\nK\u00e9rje aj\u00e1nlatunkat!<\/h2>\t\t\t\t<\/div>\n\t\t\t\t<\/div>\n\t\t\t\t<div class=\"elementor-element elementor-element-29bf145 elementor-align-center elementor-widget elementor-widget-button\" data-id=\"29bf145\" data-element_type=\"widget\" data-e-type=\"widget\" data-widget_type=\"button.default\">\n\t\t\t\t<div class=\"elementor-widget-container\">\n\t\t\t\t\t\t\t\t\t<div class=\"elementor-button-wrapper\">\n\t\t\t\t\t<a class=\"elementor-button elementor-button-link elementor-size-sm elementor-animation-grow\" href=\"https:\/\/ili.hu\/index.php\/elerhetosegek\/\">\n\t\t\t\t\t\t<span class=\"elementor-button-content-wrapper\">\n\t\t\t\t\t\t\t\t\t<span class=\"elementor-button-text\">AJ\u00c1NLATOT K\u00c9REK!<\/span>\n\t\t\t\t\t<\/span>\n\t\t\t\t\t<\/a>\n\t\t\t\t<\/div>\n\t\t\t\t\t\t\t\t<\/div>\n\t\t\t\t<\/div>\n\t\t\t\t<\/div>\n\t\t\t\t\t<\/div>\n\t\t\t\t<\/div>\n\t\t<div class=\"elementor-element elementor-element-0e05159 e-flex e-con-boxed e-con e-parent\" data-id=\"0e05159\" data-element_type=\"container\" data-e-type=\"container\">\n\t\t\t\t\t<div class=\"e-con-inner\">\n\t\t\t\t<div class=\"elementor-element elementor-element-050155b elementor-widget elementor-widget-heading\" data-id=\"050155b\" data-element_type=\"widget\" data-e-type=\"widget\" data-widget_type=\"heading.default\">\n\t\t\t\t<div class=\"elementor-widget-container\">\n\t\t\t\t\t<h2 class=\"elementor-heading-title elementor-size-default\">R\u00f3lunk mondt\u00e1k<\/h2>\t\t\t\t<\/div>\n\t\t\t\t<\/div>\n\t\t\t\t<div class=\"elementor-element elementor-element-0ac6860 elementor-testimonial--layout-image_above elementor-testimonial--skin-default elementor-testimonial--align-center elementor-arrows-yes elementor-pagination-type-bullets elementor-widget elementor-widget-testimonial-carousel\" data-id=\"0ac6860\" data-element_type=\"widget\" data-e-type=\"widget\" data-settings=\"{&quot;slides_per_view&quot;:&quot;3&quot;,&quot;slides_per_view_tablet&quot;:&quot;2&quot;,&quot;speed&quot;:0,&quot;show_arrows&quot;:&quot;yes&quot;,&quot;pagination&quot;:&quot;bullets&quot;,&quot;autoplay&quot;:&quot;yes&quot;,&quot;autoplay_speed&quot;:5000,&quot;loop&quot;:&quot;yes&quot;,&quot;pause_on_hover&quot;:&quot;yes&quot;,&quot;pause_on_interaction&quot;:&quot;yes&quot;,&quot;space_between&quot;:{&quot;unit&quot;:&quot;px&quot;,&quot;size&quot;:10,&quot;sizes&quot;:[]},&quot;space_between_tablet&quot;:{&quot;unit&quot;:&quot;px&quot;,&quot;size&quot;:10,&quot;sizes&quot;:[]},&quot;space_between_mobile&quot;:{&quot;unit&quot;:&quot;px&quot;,&quot;size&quot;:10,&quot;sizes&quot;:[]}}\" data-widget_type=\"testimonial-carousel.default\">\n\t\t\t\t<div class=\"elementor-widget-container\">\n\t\t\t\t\t\t\t\t\t<div class=\"elementor-swiper\">\n\t\t\t\t\t<div class=\"elementor-main-swiper swiper\" role=\"region\" aria-roledescription=\"carousel\" aria-label=\"Di\u00e1k\">\n\t\t\t\t<div class=\"swiper-wrapper\">\n\t\t\t\t\t\t\t\t\t\t\t<div class=\"swiper-slide\" role=\"group\" aria-roledescription=\"slide\">\n\t\t\t\t\t\t\t\t\t<div class=\"elementor-testimonial\">\n\t\t\t\t\t\t\t<div class=\"elementor-testimonial__content\">\n\t\t\t\t\t<div class=\"elementor-testimonial__text\">\n\t\t\t\t\t\tSzerintem a LANGUAGECERT nyelvvizsga a legjobb! Az I.L.I.nyelvvizsgahely csal\u00e1dias hangulat\u00fa. Az \u00edr\u00e1sbeli \u00e9s a besz\u00e9d\u00e9rt\u00e9s vizsg\u00e1kat kisl\u00e9tsz\u00e1m\u00fa, bar\u00e1ts\u00e1gos termekben tartj\u00e1k,max. 4-10 vizsg\u00e1z\u00f3 van egy teremben. Bar\u00e1ts\u00e1gos \u00e9s profi vizsg\u00e1ztat\u00f3 tan\u00e1rok vannak itt. A vizsgaszervez\u00e9s \u00e9s a lebonyol\u00edt\u00e1s t\u00f6k\u00e9letes volt. Melegsz\u00edvvel aj\u00e1nlom mindenkinek a LanguageCert nyelvizsg\u00e1t \u00e9s az I.L.I. Nyelvvizsgahelyet!\t\t\t\t\t<\/div>\n\t\t\t\t\t<cite class=\"elementor-testimonial__cite\"><span class=\"elementor-testimonial__name\">H. M\u00e1ria<\/span><\/cite>\t\t\t\t<\/div>\n\t\t\t\t\t\t<div class=\"elementor-testimonial__footer\">\n\t\t\t\t\t\t\t\t\t\t\t<\/div>\n\t\t<\/div>\n\t\t\t\t\t\t\t\t<\/div>\n\t\t\t\t\t\t\t\t\t\t\t<div class=\"swiper-slide\" role=\"group\" aria-roledescription=\"slide\">\n\t\t\t\t\t\t\t\t\t<div class=\"elementor-testimonial\">\n\t\t\t\t\t\t\t<div class=\"elementor-testimonial__content\">\n\t\t\t\t\t<div class=\"elementor-testimonial__text\">\n\t\t\t\t\t\tFiam nyelvvizsg\u00e1zott ott szeptemberben. Az\u00e9rt v\u00e1lasztottuk, mert nem akartunk messze, idegen k\u00f6rnyezetben vizsg\u00e1zni. Nagyon bar\u00e1ts\u00e1gos volt a k\u00f6rnyezet, kis termekben, j\u00f3l hallhat\u00f3 volt a besz\u00e9d\u00e9rt\u00e9s r\u00e9sz. A vizsg\u00e1ztat\u00f3k kedvesek voltak. Nagyon j\u00f3 \u00e9lm\u00e9nnyel, mosolyogva j\u00f6tt ki.\t\t\t\t\t<\/div>\n\t\t\t\t\t<cite class=\"elementor-testimonial__cite\"><span class=\"elementor-testimonial__name\">Sz. \u00c1gnes<\/span><\/cite>\t\t\t\t<\/div>\n\t\t\t\t\t\t<div class=\"elementor-testimonial__footer\">\n\t\t\t\t\t\t\t\t\t\t\t<\/div>\n\t\t<\/div>\n\t\t\t\t\t\t\t\t<\/div>\n\t\t\t\t\t\t\t\t\t\t\t<div class=\"swiper-slide\" role=\"group\" aria-roledescription=\"slide\">\n\t\t\t\t\t\t\t\t\t<div class=\"elementor-testimonial\">\n\t\t\t\t\t\t\t<div class=\"elementor-testimonial__content\">\n\t\t\t\t\t<div class=\"elementor-testimonial__text\">\n\t\t\t\t\t\tNagyon kedves az \u00fcgyf\u00e9l szolg\u00e1lat \u00e9s nagyon seg\u00edt\u0151 k\u00e9szek!\nCsendes!\nCsal\u00e1dias hangulat\u00fa!\nT\u00f6k j\u00f3l megvolt szervezve a nyelvvizsga!\nKistermek miatt csal\u00e1dias\u00e1 teszik a vizsga hangulat\u00e1t!\t\t\t\t\t<\/div>\n\t\t\t\t\t<cite class=\"elementor-testimonial__cite\"><span class=\"elementor-testimonial__name\">M. Mansur<\/span><\/cite>\t\t\t\t<\/div>\n\t\t\t\t\t\t<div class=\"elementor-testimonial__footer\">\n\t\t\t\t\t\t\t\t\t\t\t<\/div>\n\t\t<\/div>\n\t\t\t\t\t\t\t\t<\/div>\n\t\t\t\t\t\t\t\t\t\t\t<div class=\"swiper-slide\" role=\"group\" aria-roledescription=\"slide\">\n\t\t\t\t\t\t\t\t\t<div class=\"elementor-testimonial\">\n\t\t\t\t\t\t\t<div class=\"elementor-testimonial__content\">\n\t\t\t\t\t<div class=\"elementor-testimonial__text\">\n\t\t\t\t\t\tSzuper nyelviskola, seg\u00edt\u0151k\u00e9szek \u00e9s rendesek voltak velem a vizsga k\u00f6zben \u00e9s ut\u00e1n is! Odafigyel\u0151ek az \u00fcgyf\u00e9lszolg\u00e1lati koll\u00e9gan\u0151k, kiseg\u00edtettek mindennel kapcsolatban. A language cert nyelvvizsg\u00e1t pedig mindenkinek aj\u00e1nlom, j\u00f3 volt itt nyelvvizsg\u00e1zni. Mell\u00e9kesen, cs\u00f6kkentett\u00e9k a vizsga stresszt a kis termek amikben voltunk \ud83d\ude42\t\t\t\t\t<\/div>\n\t\t\t\t\t<cite class=\"elementor-testimonial__cite\"><span class=\"elementor-testimonial__name\">B. Anna<\/span><\/cite>\t\t\t\t<\/div>\n\t\t\t\t\t\t<div class=\"elementor-testimonial__footer\">\n\t\t\t\t\t\t\t\t\t\t\t<\/div>\n\t\t<\/div>\n\t\t\t\t\t\t\t\t<\/div>\n\t\t\t\t\t\t\t\t\t\t\t<div class=\"swiper-slide\" role=\"group\" aria-roledescription=\"slide\">\n\t\t\t\t\t\t\t\t\t<div class=\"elementor-testimonial\">\n\t\t\t\t\t\t\t<div class=\"elementor-testimonial__content\">\n\t\t\t\t\t<div class=\"elementor-testimonial__text\">\n\t\t\t\t\t\tKedves, seg\u00edt\u0151k\u00e9sz kiszolg\u00e1l\u00e1s. T\u00f6bbsz\u00f6r j\u00e1rtunk m\u00e1r itt. M\u00e1sodik alkalommal kedvezm\u00e9nyt is kaptunk. Ha b\u00e1rmit kell m\u00e9g ford\u00edtani, visszafogunk j\u00f6nni.\nP\u00e9nteken beadtuk a ford\u00edt\u00e1st, h\u00e9tf\u0151re k\u00e9sz is lett. K\u00f6sz\u00f6nj\u00fck.\t\t\t\t\t<\/div>\n\t\t\t\t\t<cite class=\"elementor-testimonial__cite\"><span class=\"elementor-testimonial__name\">G. Alexandra<\/span><\/cite>\t\t\t\t<\/div>\n\t\t\t\t\t\t<div class=\"elementor-testimonial__footer\">\n\t\t\t\t\t\t\t\t\t\t\t<\/div>\n\t\t<\/div>\n\t\t\t\t\t\t\t\t<\/div>\n\t\t\t\t\t\t\t\t\t\t\t<div class=\"swiper-slide\" role=\"group\" aria-roledescription=\"slide\">\n\t\t\t\t\t\t\t\t\t<div class=\"elementor-testimonial\">\n\t\t\t\t\t\t\t<div class=\"elementor-testimonial__content\">\n\t\t\t\t\t<div class=\"elementor-testimonial__text\">\n\t\t\t\t\t\tLassan k\u00e9t \u00e9ve, hogy sz\u00e1momra bizonyitj\u00e1k azt ami els\u0151re is mutattak magukb\u00f3l... rugalmass\u00e1g, felk\u00e9sz\u00fclts\u00e9g, megbithat\u00f3s\u00e1g. Megb\u00edzok\u00e9nt meg korrekt elsz\u00e1mol\u00e1s, szavatart\u00e1st \u00e9s k\u00f6lcs\u00f6n\u00f6s megbecs\u00fcl\u00e9st tapasztaltam.\t\t\t\t\t<\/div>\n\t\t\t\t\t<cite class=\"elementor-testimonial__cite\"><span class=\"elementor-testimonial__name\">S. Gabriella<\/span><\/cite>\t\t\t\t<\/div>\n\t\t\t\t\t\t<div class=\"elementor-testimonial__footer\">\n\t\t\t\t\t\t\t\t\t\t\t<\/div>\n\t\t<\/div>\n\t\t\t\t\t\t\t\t<\/div>\n\t\t\t\t\t\t\t\t\t\t\t<div class=\"swiper-slide\" role=\"group\" aria-roledescription=\"slide\">\n\t\t\t\t\t\t\t\t\t<div class=\"elementor-testimonial\">\n\t\t\t\t\t\t\t<div class=\"elementor-testimonial__content\">\n\t\t\t\t\t<div class=\"elementor-testimonial__text\">\n\t\t\t\t\t\tGyors \u00e9s korrekt ford\u00edt\u00e1si megold\u00e1st keresel? Keresd az I.L.I Nyelviskola \u00e9s Ford\u00edt\u00f3irod\u00e1t! Rugalmass\u00e1guk, gyorsas\u00e1guk, \u00e1rkedvezm\u00e9nyeik seg\u00edt\u0151k\u00e9szs\u00e9g\u00fck nem mindennapos a mai vil\u00e1gban. Csak aj\u00e1nlani tudom \u0150ket mindenkinek! I like them...\t\t\t\t\t<\/div>\n\t\t\t\t\t<cite class=\"elementor-testimonial__cite\"><span class=\"elementor-testimonial__name\">K. Zolt\u00e1n<\/span><\/cite>\t\t\t\t<\/div>\n\t\t\t\t\t\t<div class=\"elementor-testimonial__footer\">\n\t\t\t\t\t\t\t\t\t\t\t<\/div>\n\t\t<\/div>\n\t\t\t\t\t\t\t\t<\/div>\n\t\t\t\t\t\t\t\t\t<\/div>\n\t\t\t\t\t\t\t\t\t\t\t\t\t\t\t<div class=\"elementor-swiper-button elementor-swiper-button-prev\" role=\"button\" tabindex=\"0\" aria-label=\"El\u0151z\u0151\">\n\t\t\t\t\t\t\t<svg aria-hidden=\"true\" class=\"e-font-icon-svg e-eicon-chevron-left\" viewBox=\"0 0 1000 1000\" xmlns=\"http:\/\/www.w3.org\/2000\/svg\"><path d=\"M646 125C629 125 613 133 604 142L308 442C296 454 292 471 292 487 292 504 296 521 308 533L604 854C617 867 629 875 646 875 663 875 679 871 692 858 704 846 713 829 713 812 713 796 708 779 692 767L438 487 692 225C700 217 708 204 708 187 708 171 704 154 692 142 675 129 663 125 646 125Z\"><\/path><\/svg>\t\t\t\t\t\t<\/div>\n\t\t\t\t\t\t<div class=\"elementor-swiper-button elementor-swiper-button-next\" role=\"button\" tabindex=\"0\" aria-label=\"K\u00f6vetkez\u0151\">\n\t\t\t\t\t\t\t<svg aria-hidden=\"true\" class=\"e-font-icon-svg e-eicon-chevron-right\" viewBox=\"0 0 1000 1000\" xmlns=\"http:\/\/www.w3.org\/2000\/svg\"><path d=\"M696 533C708 521 713 504 713 487 713 471 708 454 696 446L400 146C388 133 375 125 354 125 338 125 325 129 313 142 300 154 292 171 292 187 292 204 296 221 308 233L563 492 304 771C292 783 288 800 288 817 288 833 296 850 308 863 321 871 338 875 354 875 371 875 388 867 400 854L696 533Z\"><\/path><\/svg>\t\t\t\t\t\t<\/div>\n\t\t\t\t\t\t\t\t\t\t\t\t\t\t\t\t<div class=\"swiper-pagination\"><\/div>\n\t\t\t\t\t\t\t\t\t\t\t\t<\/div>\n\t\t\t\t<\/div>\n\t\t\t\t\t\t\t\t<\/div>\n\t\t\t\t<\/div>\n\t\t\t\t\t<\/div>\n\t\t\t\t<\/div>\n\t\t\t\t<\/div>\n\t\t","protected":false},"excerpt":{"rendered":"<p>Nyelvoktat\u00e1s mag\u00e1nszem\u00e9lyeknek \u00c1ltal\u00e1nos \u00e9s szaknyelv oktat\u00e1s angol, n\u00e9met, francia, olasz, spanyol, magyar, sv\u00e9d, d\u00e1n nyelvek, kis csoportokban, vagy egy\u00e9nileg. Kommunik\u00e1ci\u00f3s tr\u00e9ningek angolul prezent\u00e1ci\u00f3, t\u00e1rgyal\u00e1s, telefon\u00e1l\u00e1s technika, \u00fczleti levelez\u00e9s tr\u00e9ning\u00a0 Nyelvvizsg\u00e1kra felk\u00e9sz\u00edt\u00e9s Language-Cert &#8211; https:\/\/www.languagecert.hu LCCI, EURO, BME, Orig\u00f3, Zertifikat Akredit\u00e1lt nyelvvizsga partner \u00e9s vizsgahely vagyunk \u00a0Language-Cert &#8211;\u00a0https:\/\/www.languagecert.hu\/Vizsgahelyeink Language-Cert \u00c1llami elismert nyelvvizsga C\u00e9lunk \u00e9s k\u00fcldet\u00e9s\u00fcnk, hogy [&hellip;]<\/p>\n","protected":false},"author":1,"featured_media":0,"parent":0,"menu_order":0,"comment_status":"closed","ping_status":"closed","template":"","meta":{"footnotes":""},"class_list":["post-23","page","type-page","status-publish","hentry"],"_links":{"self":[{"href":"https:\/\/ili.hu\/index.php\/wp-json\/wp\/v2\/pages\/23","targetHints":{"allow":["GET"]}}],"collection":[{"href":"https:\/\/ili.hu\/index.php\/wp-json\/wp\/v2\/pages"}],"about":[{"href":"https:\/\/ili.hu\/index.php\/wp-json\/wp\/v2\/types\/page"}],"author":[{"embeddable":true,"href":"https:\/\/ili.hu\/index.php\/wp-json\/wp\/v2\/users\/1"}],"replies":[{"embeddable":true,"href":"https:\/\/ili.hu\/index.php\/wp-json\/wp\/v2\/comments?post=23"}],"version-history":[{"count":67,"href":"https:\/\/ili.hu\/index.php\/wp-json\/wp\/v2\/pages\/23\/revisions"}],"predecessor-version":[{"id":668,"href":"https:\/\/ili.hu\/index.php\/wp-json\/wp\/v2\/pages\/23\/revisions\/668"}],"wp:attachment":[{"href":"https:\/\/ili.hu\/index.php\/wp-json\/wp\/v2\/media?parent=23"}],"curies":[{"name":"wp","href":"https:\/\/api.w.org\/{rel}","templated":true}]}}