{"id":26,"date":"2024-12-18T10:15:14","date_gmt":"2024-12-18T10:15:14","guid":{"rendered":"https:\/\/ili.hu\/?page_id=26"},"modified":"2025-02-24T13:58:11","modified_gmt":"2025-02-24T13:58:11","slug":"cegeknek","status":"publish","type":"page","link":"https:\/\/ili.hu\/index.php\/cegeknek\/","title":{"rendered":"C\u00e9geknek"},"content":{"rendered":"\t\t<div data-elementor-type=\"wp-page\" data-elementor-id=\"26\" class=\"elementor elementor-26\" data-elementor-post-type=\"page\">\n\t\t\t\t<div class=\"elementor-element elementor-element-80b18dd e-flex e-con-boxed e-con e-parent\" data-id=\"80b18dd\" data-element_type=\"container\" data-e-type=\"container\">\n\t\t\t\t\t<div class=\"e-con-inner\">\n\t\t\t\t<div class=\"elementor-element elementor-element-f398d46 elementor-widget elementor-widget-heading\" data-id=\"f398d46\" data-element_type=\"widget\" data-e-type=\"widget\" data-widget_type=\"heading.default\">\n\t\t\t\t<div class=\"elementor-widget-container\">\n\t\t\t\t\t<h2 class=\"elementor-heading-title elementor-size-default\">Nyelvoktat\u00e1s c\u00e9geknek<\/h2>\t\t\t\t<\/div>\n\t\t\t\t<\/div>\n\t\t\t\t<div class=\"elementor-element elementor-element-3e1bf89 elementor-widget elementor-widget-text-editor\" data-id=\"3e1bf89\" data-element_type=\"widget\" data-e-type=\"widget\" data-widget_type=\"text-editor.default\">\n\t\t\t\t<div class=\"elementor-widget-container\">\n\t\t\t\t\t\t\t\t\t<p>Az I.L.I. szervez nyelv\u00f3r\u00e1kat \u00e9s kommunik\u00e1ci\u00f3s tr\u00e9ningeket mag\u00e1n szem\u00e9lyeknek, c\u00e9geknek, \u00e9s \u00e1llami int\u00e9zm\u00e9nyeknek. Az \u00fcgyfeleink munkak\u00f6ri ig\u00e9nyeinek megfelel\u0151 szaknyelveket (pl. banki, p\u00e9nz\u00fcgyi, katasztr\u00f3fav\u00e9delmi, jogi, stb.) is oktatunk.<\/p><p><strong>Legfontosabb \u00fcgyfeleink az elm\u00falt \u00e9v sor\u00e1n:<\/strong><\/p><p>OTP Bank, OTP Faktoring K\u00f6vetel\u00e9skezel\u0151, Bosch, Tempus k\u00f6zalap\u00edtv\u00e1ny, K&amp;H Bank, Procter &amp; Gamble Hyginett Kft, Lear Corporation, Aegon, Caterpillar Engineering, Teva, GSK, Bel\u00fcgyminiszt\u00e9rium Katasztr\u00f3fav\u00e9delmi Orsz\u00e1gos F\u0151igazgat\u00f3s\u00e1g, BM Jogi Oszt\u00e1ly, G\u00f6b\u00e9sz, Enmech, Chinoin, Groupama, Unifine, Stallprofi, Phare Iroda, Minisztereln\u00f6ki Hivatal, Budapesti Kommunik\u00e1ci\u00f3s F\u0151iskola, Sony, Magyar Honv\u00e9ds\u00e9g, Ericsson, KNU Szada, OTP Garancia Biztos\u00edt\u00f3, Invitel, Gazdas\u00e1gi Versenyhivatal stb.<\/p>\t\t\t\t\t\t\t\t<\/div>\n\t\t\t\t<\/div>\n\t\t\t\t\t<\/div>\n\t\t\t\t<\/div>\n\t\t<div class=\"elementor-element elementor-element-f0f70b1 e-flex e-con-boxed e-con e-parent\" data-id=\"f0f70b1\" data-element_type=\"container\" data-e-type=\"container\" data-settings=\"{&quot;background_background&quot;:&quot;classic&quot;}\">\n\t\t\t\t\t<div class=\"e-con-inner\">\n\t\t\t\t\t<\/div>\n\t\t\t\t<\/div>\n\t\t<div class=\"elementor-element elementor-element-ea577f7 e-flex e-con-boxed e-con e-parent\" data-id=\"ea577f7\" data-element_type=\"container\" data-e-type=\"container\">\n\t\t\t\t\t<div class=\"e-con-inner\">\n\t\t\t\t<div class=\"elementor-element elementor-element-1e6b0f6 elementor-widget elementor-widget-text-editor\" data-id=\"1e6b0f6\" data-element_type=\"widget\" data-e-type=\"widget\" data-widget_type=\"text-editor.default\">\n\t\t\t\t<div class=\"elementor-widget-container\">\n\t\t\t\t\t\t\t\t\t<p><strong>Tanmeneteink:<\/strong><\/p>\t\t\t\t\t\t\t\t<\/div>\n\t\t\t\t<\/div>\n\t\t\t\t<div class=\"elementor-element elementor-element-a7ad01f elementor-icon-list--layout-traditional elementor-list-item-link-full_width elementor-widget elementor-widget-icon-list\" data-id=\"a7ad01f\" data-element_type=\"widget\" data-e-type=\"widget\" data-widget_type=\"icon-list.default\">\n\t\t\t\t<div class=\"elementor-widget-container\">\n\t\t\t\t\t\t\t<ul class=\"elementor-icon-list-items\">\n\t\t\t\t\t\t\t<li class=\"elementor-icon-list-item\">\n\t\t\t\t\t\t\t\t\t\t\t<a href=\"https:\/\/languageschoolwebpage-live-58049055e380-7fbe712.divio-media.org\/filer_public\/47\/be\/47be8201-9f6d-46fc-ad99-12b922737362\/course_plan_ch1518.doc\">\n\n\t\t\t\t\t\t\t\t\t\t\t\t<span class=\"elementor-icon-list-icon\">\n\t\t\t\t\t\t\t<svg aria-hidden=\"true\" class=\"e-font-icon-svg e-fas-download\" viewBox=\"0 0 512 512\" xmlns=\"http:\/\/www.w3.org\/2000\/svg\"><path d=\"M216 0h80c13.3 0 24 10.7 24 24v168h87.7c17.8 0 26.7 21.5 14.1 34.1L269.7 378.3c-7.5 7.5-19.8 7.5-27.3 0L90.1 226.1c-12.6-12.6-3.7-34.1 14.1-34.1H192V24c0-13.3 10.7-24 24-24zm296 376v112c0 13.3-10.7 24-24 24H24c-13.3 0-24-10.7-24-24V376c0-13.3 10.7-24 24-24h146.7l49 49c20.1 20.1 52.5 20.1 72.6 0l49-49H488c13.3 0 24 10.7 24 24zm-124 88c0-11-9-20-20-20s-20 9-20 20 9 20 20 20 20-9 20-20zm64 0c0-11-9-20-20-20s-20 9-20 20 9 20 20 20 20-9 20-20z\"><\/path><\/svg>\t\t\t\t\t\t<\/span>\n\t\t\t\t\t\t\t\t\t\t<span class=\"elementor-icon-list-text\">Listaelem #1Chinoin - B1 \u2013 Szaknyelv \/ ESP: \u00c1ltal\u00e1nos angol \u00e9s \u00fczleti kommunik\u00e1ci\u00f3 \/ General English, business communication<\/span>\n\t\t\t\t\t\t\t\t\t\t\t<\/a>\n\t\t\t\t\t\t\t\t\t<\/li>\n\t\t\t\t\t\t\t\t<li class=\"elementor-icon-list-item\">\n\t\t\t\t\t\t\t\t\t\t\t<a href=\"https:\/\/languageschoolwebpage-live-58049055e380-7fbe712.divio-media.org\/filer_public\/05\/cb\/05cb5ee2-2f5c-4be3-8694-94de0ede41e3\/course_plan_smelka_balizs_2015-16.doc\">\n\n\t\t\t\t\t\t\t\t\t\t\t\t<span class=\"elementor-icon-list-icon\">\n\t\t\t\t\t\t\t<svg aria-hidden=\"true\" class=\"e-font-icon-svg e-fas-download\" viewBox=\"0 0 512 512\" xmlns=\"http:\/\/www.w3.org\/2000\/svg\"><path d=\"M216 0h80c13.3 0 24 10.7 24 24v168h87.7c17.8 0 26.7 21.5 14.1 34.1L269.7 378.3c-7.5 7.5-19.8 7.5-27.3 0L90.1 226.1c-12.6-12.6-3.7-34.1 14.1-34.1H192V24c0-13.3 10.7-24 24-24zm296 376v112c0 13.3-10.7 24-24 24H24c-13.3 0-24-10.7-24-24V376c0-13.3 10.7-24 24-24h146.7l49 49c20.1 20.1 52.5 20.1 72.6 0l49-49H488c13.3 0 24 10.7 24 24zm-124 88c0-11-9-20-20-20s-20 9-20 20 9 20 20 20 20-9 20-20zm64 0c0-11-9-20-20-20s-20 9-20 20 9 20 20 20 20-9 20-20z\"><\/path><\/svg>\t\t\t\t\t\t<\/span>\n\t\t\t\t\t\t\t\t\t\t<span class=\"elementor-icon-list-text\">Hyginett - A1 \u2013 Szaknyelv \/ ESP: \u00c1ltal\u00e1nos angol \u00e9s \u00fczleti kommunik\u00e1ci\u00f3 \/ General English, business communication<\/span>\n\t\t\t\t\t\t\t\t\t\t\t<\/a>\n\t\t\t\t\t\t\t\t\t<\/li>\n\t\t\t\t\t\t\t\t<li class=\"elementor-icon-list-item\">\n\t\t\t\t\t\t\t\t\t\t\t<a href=\"https:\/\/languageschoolwebpage-live-58049055e380-7fbe712.divio-media.org\/filer_public\/c5\/66\/c566d015-132d-4b00-971f-531c87f3fbeb\/course_plan_bus_one_to_one_int_u30-39_50hrs_ict_cooperative.docx\">\n\n\t\t\t\t\t\t\t\t\t\t\t\t<span class=\"elementor-icon-list-icon\">\n\t\t\t\t\t\t\t<svg aria-hidden=\"true\" class=\"e-font-icon-svg e-fas-download\" viewBox=\"0 0 512 512\" xmlns=\"http:\/\/www.w3.org\/2000\/svg\"><path d=\"M216 0h80c13.3 0 24 10.7 24 24v168h87.7c17.8 0 26.7 21.5 14.1 34.1L269.7 378.3c-7.5 7.5-19.8 7.5-27.3 0L90.1 226.1c-12.6-12.6-3.7-34.1 14.1-34.1H192V24c0-13.3 10.7-24 24-24zm296 376v112c0 13.3-10.7 24-24 24H24c-13.3 0-24-10.7-24-24V376c0-13.3 10.7-24 24-24h146.7l49 49c20.1 20.1 52.5 20.1 72.6 0l49-49H488c13.3 0 24 10.7 24 24zm-124 88c0-11-9-20-20-20s-20 9-20 20 9 20 20 20 20-9 20-20zm64 0c0-11-9-20-20-20s-20 9-20 20 9 20 20 20 20-9 20-20z\"><\/path><\/svg>\t\t\t\t\t\t<\/span>\n\t\t\t\t\t\t\t\t\t\t<span class=\"elementor-icon-list-text\">Stallprofi - Business One:One - Szaknyelv\/ESP: M\u0171szaki angol \u00e9s \u00e1ltal\u00e1nos \u00fczleti kommunik\u00e1ci\u00f3\/Technical English, General business communication<\/span>\n\t\t\t\t\t\t\t\t\t\t\t<\/a>\n\t\t\t\t\t\t\t\t\t<\/li>\n\t\t\t\t\t\t\t\t<li class=\"elementor-icon-list-item\">\n\t\t\t\t\t\t\t\t\t\t\t<a href=\"https:\/\/languageschoolwebpage-live-58049055e380-7fbe712.divio-media.org\/filer_public\/d3\/b0\/d3b0527b-cb09-4082-be61-7772de55ac91\/course_plan_busstartup2_u1-5_50hrs_ict_cooperative.docx\">\n\n\t\t\t\t\t\t\t\t\t\t\t\t<span class=\"elementor-icon-list-icon\">\n\t\t\t\t\t\t\t<svg aria-hidden=\"true\" class=\"e-font-icon-svg e-fas-download\" viewBox=\"0 0 512 512\" xmlns=\"http:\/\/www.w3.org\/2000\/svg\"><path d=\"M216 0h80c13.3 0 24 10.7 24 24v168h87.7c17.8 0 26.7 21.5 14.1 34.1L269.7 378.3c-7.5 7.5-19.8 7.5-27.3 0L90.1 226.1c-12.6-12.6-3.7-34.1 14.1-34.1H192V24c0-13.3 10.7-24 24-24zm296 376v112c0 13.3-10.7 24-24 24H24c-13.3 0-24-10.7-24-24V376c0-13.3 10.7-24 24-24h146.7l49 49c20.1 20.1 52.5 20.1 72.6 0l49-49H488c13.3 0 24 10.7 24 24zm-124 88c0-11-9-20-20-20s-20 9-20 20 9 20 20 20 20-9 20-20zm64 0c0-11-9-20-20-20s-20 9-20 20 9 20 20 20 20-9 20-20z\"><\/path><\/svg>\t\t\t\t\t\t<\/span>\n\t\t\t\t\t\t\t\t\t\t<span class=\"elementor-icon-list-text\">Stallprofi - Business Start-Up 2 - Szaknyelv\/ESP: M\u0171szaki angol \u00e9s \u00e1ltal\u00e1nos \u00fczleti kommunik\u00e1ci\u00f3\/Technical English, General business communication<\/span>\n\t\t\t\t\t\t\t\t\t\t\t<\/a>\n\t\t\t\t\t\t\t\t\t<\/li>\n\t\t\t\t\t\t\t\t<li class=\"elementor-icon-list-item\">\n\t\t\t\t\t\t\t\t\t\t\t<a href=\"https:\/\/languageschoolwebpage-live-58049055e380-7fbe712.divio-media.org\/filer_public\/a6\/81\/a68177d4-8f92-4e9c-a765-93604a57be7c\/padlet_linkek.docx\">\n\n\t\t\t\t\t\t\t\t\t\t\t\t<span class=\"elementor-icon-list-icon\">\n\t\t\t\t\t\t\t<svg aria-hidden=\"true\" class=\"e-font-icon-svg e-fas-download\" viewBox=\"0 0 512 512\" xmlns=\"http:\/\/www.w3.org\/2000\/svg\"><path d=\"M216 0h80c13.3 0 24 10.7 24 24v168h87.7c17.8 0 26.7 21.5 14.1 34.1L269.7 378.3c-7.5 7.5-19.8 7.5-27.3 0L90.1 226.1c-12.6-12.6-3.7-34.1 14.1-34.1H192V24c0-13.3 10.7-24 24-24zm296 376v112c0 13.3-10.7 24-24 24H24c-13.3 0-24-10.7-24-24V376c0-13.3 10.7-24 24-24h146.7l49 49c20.1 20.1 52.5 20.1 72.6 0l49-49H488c13.3 0 24 10.7 24 24zm-124 88c0-11-9-20-20-20s-20 9-20 20 9 20 20 20 20-9 20-20zm64 0c0-11-9-20-20-20s-20 9-20 20 9 20 20 20 20-9 20-20z\"><\/path><\/svg>\t\t\t\t\t\t<\/span>\n\t\t\t\t\t\t\t\t\t\t<span class=\"elementor-icon-list-text\">Padlet linkek<\/span>\n\t\t\t\t\t\t\t\t\t\t\t<\/a>\n\t\t\t\t\t\t\t\t\t<\/li>\n\t\t\t\t\t\t<\/ul>\n\t\t\t\t\t\t<\/div>\n\t\t\t\t<\/div>\n\t\t\t\t\t<\/div>\n\t\t\t\t<\/div>\n\t\t<div class=\"elementor-element elementor-element-f0545a2 e-flex e-con-boxed e-con e-parent\" data-id=\"f0545a2\" data-element_type=\"container\" data-e-type=\"container\" data-settings=\"{&quot;background_background&quot;:&quot;classic&quot;}\">\n\t\t\t\t\t<div class=\"e-con-inner\">\n\t\t<div class=\"elementor-element elementor-element-6b00966 e-con-full e-flex e-con e-child\" data-id=\"6b00966\" data-element_type=\"container\" data-e-type=\"container\">\n\t\t\t\t<div class=\"elementor-element elementor-element-27d86d7 elementor-widget elementor-widget-heading\" data-id=\"27d86d7\" data-element_type=\"widget\" data-e-type=\"widget\" data-widget_type=\"heading.default\">\n\t\t\t\t<div class=\"elementor-widget-container\">\n\t\t\t\t\t<h2 class=\"elementor-heading-title elementor-size-default\">C\u00e9lunk \u00e9s k\u00fcldet\u00e9s\u00fcnk, hogy versenyk\u00e9pes \u00e1ron <br>min\u0151s\u00e9gi szolg\u00e1ltat\u00e1st\u00a0tudjunk adni \u00fcgyfeleink r\u00e9sz\u00e9re.<\/h2>\t\t\t\t<\/div>\n\t\t\t\t<\/div>\n\t\t\t\t<div class=\"elementor-element elementor-element-acd56dc elementor-widget elementor-widget-heading\" data-id=\"acd56dc\" data-element_type=\"widget\" data-e-type=\"widget\" data-widget_type=\"heading.default\">\n\t\t\t\t<div class=\"elementor-widget-container\">\n\t\t\t\t\t<h2 class=\"elementor-heading-title elementor-size-default\">\nK\u00e9rje aj\u00e1nlatunkat!<\/h2>\t\t\t\t<\/div>\n\t\t\t\t<\/div>\n\t\t\t\t<div class=\"elementor-element elementor-element-50e6f1b elementor-align-center elementor-widget elementor-widget-button\" data-id=\"50e6f1b\" data-element_type=\"widget\" data-e-type=\"widget\" data-widget_type=\"button.default\">\n\t\t\t\t<div class=\"elementor-widget-container\">\n\t\t\t\t\t\t\t\t\t<div class=\"elementor-button-wrapper\">\n\t\t\t\t\t<a class=\"elementor-button elementor-button-link elementor-size-sm elementor-animation-grow\" href=\"https:\/\/ili.hu\/index.php\/elerhetosegek\/\">\n\t\t\t\t\t\t<span class=\"elementor-button-content-wrapper\">\n\t\t\t\t\t\t\t\t\t<span class=\"elementor-button-text\">AJ\u00c1NLATOT K\u00c9REK!<\/span>\n\t\t\t\t\t<\/span>\n\t\t\t\t\t<\/a>\n\t\t\t\t<\/div>\n\t\t\t\t\t\t\t\t<\/div>\n\t\t\t\t<\/div>\n\t\t\t\t<\/div>\n\t\t\t\t\t<\/div>\n\t\t\t\t<\/div>\n\t\t<div class=\"elementor-element elementor-element-62f8981 e-flex e-con-boxed e-con e-parent\" data-id=\"62f8981\" data-element_type=\"container\" data-e-type=\"container\">\n\t\t\t\t\t<div class=\"e-con-inner\">\n\t\t\t\t<div class=\"elementor-element elementor-element-745bf82 elementor-widget elementor-widget-heading\" data-id=\"745bf82\" data-element_type=\"widget\" data-e-type=\"widget\" data-widget_type=\"heading.default\">\n\t\t\t\t<div class=\"elementor-widget-container\">\n\t\t\t\t\t<h2 class=\"elementor-heading-title elementor-size-default\">R\u00f3lunk mondt\u00e1k<\/h2>\t\t\t\t<\/div>\n\t\t\t\t<\/div>\n\t\t\t\t<div class=\"elementor-element elementor-element-629c32e elementor-testimonial--layout-image_above elementor-testimonial--skin-default elementor-testimonial--align-center elementor-arrows-yes elementor-pagination-type-bullets elementor-widget elementor-widget-testimonial-carousel\" data-id=\"629c32e\" data-element_type=\"widget\" data-e-type=\"widget\" data-settings=\"{&quot;slides_per_view&quot;:&quot;3&quot;,&quot;slides_per_view_tablet&quot;:&quot;2&quot;,&quot;speed&quot;:0,&quot;show_arrows&quot;:&quot;yes&quot;,&quot;pagination&quot;:&quot;bullets&quot;,&quot;autoplay&quot;:&quot;yes&quot;,&quot;autoplay_speed&quot;:5000,&quot;loop&quot;:&quot;yes&quot;,&quot;pause_on_hover&quot;:&quot;yes&quot;,&quot;pause_on_interaction&quot;:&quot;yes&quot;,&quot;space_between&quot;:{&quot;unit&quot;:&quot;px&quot;,&quot;size&quot;:10,&quot;sizes&quot;:[]},&quot;space_between_tablet&quot;:{&quot;unit&quot;:&quot;px&quot;,&quot;size&quot;:10,&quot;sizes&quot;:[]},&quot;space_between_mobile&quot;:{&quot;unit&quot;:&quot;px&quot;,&quot;size&quot;:10,&quot;sizes&quot;:[]}}\" data-widget_type=\"testimonial-carousel.default\">\n\t\t\t\t<div class=\"elementor-widget-container\">\n\t\t\t\t\t\t\t\t\t<div class=\"elementor-swiper\">\n\t\t\t\t\t<div class=\"elementor-main-swiper swiper\" role=\"region\" aria-roledescription=\"carousel\" aria-label=\"Di\u00e1k\">\n\t\t\t\t<div class=\"swiper-wrapper\">\n\t\t\t\t\t\t\t\t\t\t\t<div class=\"swiper-slide\" role=\"group\" aria-roledescription=\"slide\">\n\t\t\t\t\t\t\t\t\t<div class=\"elementor-testimonial\">\n\t\t\t\t\t\t\t<div class=\"elementor-testimonial__content\">\n\t\t\t\t\t<div class=\"elementor-testimonial__text\">\n\t\t\t\t\t\tSzerintem a LANGUAGECERT nyelvvizsga a legjobb! Az I.L.I.nyelvvizsgahely csal\u00e1dias hangulat\u00fa. Az \u00edr\u00e1sbeli \u00e9s a besz\u00e9d\u00e9rt\u00e9s vizsg\u00e1kat kisl\u00e9tsz\u00e1m\u00fa, bar\u00e1ts\u00e1gos termekben tartj\u00e1k,max. 4-10 vizsg\u00e1z\u00f3 van egy teremben. Bar\u00e1ts\u00e1gos \u00e9s profi vizsg\u00e1ztat\u00f3 tan\u00e1rok vannak itt. A vizsgaszervez\u00e9s \u00e9s a lebonyol\u00edt\u00e1s t\u00f6k\u00e9letes volt. Melegsz\u00edvvel aj\u00e1nlom mindenkinek a LanguageCert nyelvizsg\u00e1t \u00e9s az I.L.I. Nyelvvizsgahelyet!\t\t\t\t\t<\/div>\n\t\t\t\t\t<cite class=\"elementor-testimonial__cite\"><span class=\"elementor-testimonial__name\">H. M\u00e1ria<\/span><\/cite>\t\t\t\t<\/div>\n\t\t\t\t\t\t<div class=\"elementor-testimonial__footer\">\n\t\t\t\t\t\t\t\t\t\t\t<\/div>\n\t\t<\/div>\n\t\t\t\t\t\t\t\t<\/div>\n\t\t\t\t\t\t\t\t\t\t\t<div class=\"swiper-slide\" role=\"group\" aria-roledescription=\"slide\">\n\t\t\t\t\t\t\t\t\t<div class=\"elementor-testimonial\">\n\t\t\t\t\t\t\t<div class=\"elementor-testimonial__content\">\n\t\t\t\t\t<div class=\"elementor-testimonial__text\">\n\t\t\t\t\t\tFiam nyelvvizsg\u00e1zott ott szeptemberben. Az\u00e9rt v\u00e1lasztottuk, mert nem akartunk messze, idegen k\u00f6rnyezetben vizsg\u00e1zni. Nagyon bar\u00e1ts\u00e1gos volt a k\u00f6rnyezet, kis termekben, j\u00f3l hallhat\u00f3 volt a besz\u00e9d\u00e9rt\u00e9s r\u00e9sz. A vizsg\u00e1ztat\u00f3k kedvesek voltak. Nagyon j\u00f3 \u00e9lm\u00e9nnyel, mosolyogva j\u00f6tt ki.\t\t\t\t\t<\/div>\n\t\t\t\t\t<cite class=\"elementor-testimonial__cite\"><span class=\"elementor-testimonial__name\">Sz. \u00c1gnes<\/span><\/cite>\t\t\t\t<\/div>\n\t\t\t\t\t\t<div class=\"elementor-testimonial__footer\">\n\t\t\t\t\t\t\t\t\t\t\t<\/div>\n\t\t<\/div>\n\t\t\t\t\t\t\t\t<\/div>\n\t\t\t\t\t\t\t\t\t\t\t<div class=\"swiper-slide\" role=\"group\" aria-roledescription=\"slide\">\n\t\t\t\t\t\t\t\t\t<div class=\"elementor-testimonial\">\n\t\t\t\t\t\t\t<div class=\"elementor-testimonial__content\">\n\t\t\t\t\t<div class=\"elementor-testimonial__text\">\n\t\t\t\t\t\tNagyon kedves az \u00fcgyf\u00e9l szolg\u00e1lat \u00e9s nagyon seg\u00edt\u0151 k\u00e9szek!\nCsendes!\nCsal\u00e1dias hangulat\u00fa!\nT\u00f6k j\u00f3l megvolt szervezve a nyelvvizsga!\nKistermek miatt csal\u00e1dias\u00e1 teszik a vizsga hangulat\u00e1t!\t\t\t\t\t<\/div>\n\t\t\t\t\t<cite class=\"elementor-testimonial__cite\"><span class=\"elementor-testimonial__name\">M. Mansur<\/span><\/cite>\t\t\t\t<\/div>\n\t\t\t\t\t\t<div class=\"elementor-testimonial__footer\">\n\t\t\t\t\t\t\t\t\t\t\t<\/div>\n\t\t<\/div>\n\t\t\t\t\t\t\t\t<\/div>\n\t\t\t\t\t\t\t\t\t\t\t<div class=\"swiper-slide\" role=\"group\" aria-roledescription=\"slide\">\n\t\t\t\t\t\t\t\t\t<div class=\"elementor-testimonial\">\n\t\t\t\t\t\t\t<div class=\"elementor-testimonial__content\">\n\t\t\t\t\t<div class=\"elementor-testimonial__text\">\n\t\t\t\t\t\tSzuper nyelviskola, seg\u00edt\u0151k\u00e9szek \u00e9s rendesek voltak velem a vizsga k\u00f6zben \u00e9s ut\u00e1n is! Odafigyel\u0151ek az \u00fcgyf\u00e9lszolg\u00e1lati koll\u00e9gan\u0151k, kiseg\u00edtettek mindennel kapcsolatban. A language cert nyelvvizsg\u00e1t pedig mindenkinek aj\u00e1nlom, j\u00f3 volt itt nyelvvizsg\u00e1zni. Mell\u00e9kesen, cs\u00f6kkentett\u00e9k a vizsga stresszt a kis termek amikben voltunk \ud83d\ude42\t\t\t\t\t<\/div>\n\t\t\t\t\t<cite class=\"elementor-testimonial__cite\"><span class=\"elementor-testimonial__name\">B. Anna<\/span><\/cite>\t\t\t\t<\/div>\n\t\t\t\t\t\t<div class=\"elementor-testimonial__footer\">\n\t\t\t\t\t\t\t\t\t\t\t<\/div>\n\t\t<\/div>\n\t\t\t\t\t\t\t\t<\/div>\n\t\t\t\t\t\t\t\t\t\t\t<div class=\"swiper-slide\" role=\"group\" aria-roledescription=\"slide\">\n\t\t\t\t\t\t\t\t\t<div class=\"elementor-testimonial\">\n\t\t\t\t\t\t\t<div class=\"elementor-testimonial__content\">\n\t\t\t\t\t<div class=\"elementor-testimonial__text\">\n\t\t\t\t\t\tKedves, seg\u00edt\u0151k\u00e9sz kiszolg\u00e1l\u00e1s. T\u00f6bbsz\u00f6r j\u00e1rtunk m\u00e1r itt. M\u00e1sodik alkalommal kedvezm\u00e9nyt is kaptunk. Ha b\u00e1rmit kell m\u00e9g ford\u00edtani, visszafogunk j\u00f6nni.\nP\u00e9nteken beadtuk a ford\u00edt\u00e1st, h\u00e9tf\u0151re k\u00e9sz is lett. K\u00f6sz\u00f6nj\u00fck.\t\t\t\t\t<\/div>\n\t\t\t\t\t<cite class=\"elementor-testimonial__cite\"><span class=\"elementor-testimonial__name\">G. Alexandra<\/span><\/cite>\t\t\t\t<\/div>\n\t\t\t\t\t\t<div class=\"elementor-testimonial__footer\">\n\t\t\t\t\t\t\t\t\t\t\t<\/div>\n\t\t<\/div>\n\t\t\t\t\t\t\t\t<\/div>\n\t\t\t\t\t\t\t\t\t\t\t<div class=\"swiper-slide\" role=\"group\" aria-roledescription=\"slide\">\n\t\t\t\t\t\t\t\t\t<div class=\"elementor-testimonial\">\n\t\t\t\t\t\t\t<div class=\"elementor-testimonial__content\">\n\t\t\t\t\t<div class=\"elementor-testimonial__text\">\n\t\t\t\t\t\tLassan k\u00e9t \u00e9ve, hogy sz\u00e1momra bizonyitj\u00e1k azt ami els\u0151re is mutattak magukb\u00f3l... rugalmass\u00e1g, felk\u00e9sz\u00fclts\u00e9g, megbithat\u00f3s\u00e1g. Megb\u00edzok\u00e9nt meg korrekt elsz\u00e1mol\u00e1s, szavatart\u00e1st \u00e9s k\u00f6lcs\u00f6n\u00f6s megbecs\u00fcl\u00e9st tapasztaltam.\t\t\t\t\t<\/div>\n\t\t\t\t\t<cite class=\"elementor-testimonial__cite\"><span class=\"elementor-testimonial__name\">S. Gabriella<\/span><\/cite>\t\t\t\t<\/div>\n\t\t\t\t\t\t<div class=\"elementor-testimonial__footer\">\n\t\t\t\t\t\t\t\t\t\t\t<\/div>\n\t\t<\/div>\n\t\t\t\t\t\t\t\t<\/div>\n\t\t\t\t\t\t\t\t\t\t\t<div class=\"swiper-slide\" role=\"group\" aria-roledescription=\"slide\">\n\t\t\t\t\t\t\t\t\t<div class=\"elementor-testimonial\">\n\t\t\t\t\t\t\t<div class=\"elementor-testimonial__content\">\n\t\t\t\t\t<div class=\"elementor-testimonial__text\">\n\t\t\t\t\t\tGyors \u00e9s korrekt ford\u00edt\u00e1si megold\u00e1st keresel? Keresd az I.L.I Nyelviskola \u00e9s Ford\u00edt\u00f3irod\u00e1t! Rugalmass\u00e1guk, gyorsas\u00e1guk, \u00e1rkedvezm\u00e9nyeik seg\u00edt\u0151k\u00e9szs\u00e9g\u00fck nem mindennapos a mai vil\u00e1gban. Csak aj\u00e1nlani tudom \u0150ket mindenkinek! I like them...\t\t\t\t\t<\/div>\n\t\t\t\t\t<cite class=\"elementor-testimonial__cite\"><span class=\"elementor-testimonial__name\">K. Zolt\u00e1n<\/span><\/cite>\t\t\t\t<\/div>\n\t\t\t\t\t\t<div class=\"elementor-testimonial__footer\">\n\t\t\t\t\t\t\t\t\t\t\t<\/div>\n\t\t<\/div>\n\t\t\t\t\t\t\t\t<\/div>\n\t\t\t\t\t\t\t\t\t<\/div>\n\t\t\t\t\t\t\t\t\t\t\t\t\t\t\t<div class=\"elementor-swiper-button elementor-swiper-button-prev\" role=\"button\" tabindex=\"0\" aria-label=\"El\u0151z\u0151\">\n\t\t\t\t\t\t\t<svg aria-hidden=\"true\" class=\"e-font-icon-svg e-eicon-chevron-left\" viewBox=\"0 0 1000 1000\" xmlns=\"http:\/\/www.w3.org\/2000\/svg\"><path d=\"M646 125C629 125 613 133 604 142L308 442C296 454 292 471 292 487 292 504 296 521 308 533L604 854C617 867 629 875 646 875 663 875 679 871 692 858 704 846 713 829 713 812 713 796 708 779 692 767L438 487 692 225C700 217 708 204 708 187 708 171 704 154 692 142 675 129 663 125 646 125Z\"><\/path><\/svg>\t\t\t\t\t\t<\/div>\n\t\t\t\t\t\t<div class=\"elementor-swiper-button elementor-swiper-button-next\" role=\"button\" tabindex=\"0\" aria-label=\"K\u00f6vetkez\u0151\">\n\t\t\t\t\t\t\t<svg aria-hidden=\"true\" class=\"e-font-icon-svg e-eicon-chevron-right\" viewBox=\"0 0 1000 1000\" xmlns=\"http:\/\/www.w3.org\/2000\/svg\"><path d=\"M696 533C708 521 713 504 713 487 713 471 708 454 696 446L400 146C388 133 375 125 354 125 338 125 325 129 313 142 300 154 292 171 292 187 292 204 296 221 308 233L563 492 304 771C292 783 288 800 288 817 288 833 296 850 308 863 321 871 338 875 354 875 371 875 388 867 400 854L696 533Z\"><\/path><\/svg>\t\t\t\t\t\t<\/div>\n\t\t\t\t\t\t\t\t\t\t\t\t\t\t\t\t<div class=\"swiper-pagination\"><\/div>\n\t\t\t\t\t\t\t\t\t\t\t\t<\/div>\n\t\t\t\t<\/div>\n\t\t\t\t\t\t\t\t<\/div>\n\t\t\t\t<\/div>\n\t\t\t\t\t<\/div>\n\t\t\t\t<\/div>\n\t\t\t\t<\/div>\n\t\t","protected":false},"excerpt":{"rendered":"<p>Nyelvoktat\u00e1s c\u00e9geknek Az I.L.I. szervez nyelv\u00f3r\u00e1kat \u00e9s kommunik\u00e1ci\u00f3s tr\u00e9ningeket mag\u00e1n szem\u00e9lyeknek, c\u00e9geknek, \u00e9s \u00e1llami int\u00e9zm\u00e9nyeknek. Az \u00fcgyfeleink munkak\u00f6ri ig\u00e9nyeinek megfelel\u0151 szaknyelveket (pl. banki, p\u00e9nz\u00fcgyi, katasztr\u00f3fav\u00e9delmi, jogi, stb.) is oktatunk. Legfontosabb \u00fcgyfeleink az elm\u00falt \u00e9v sor\u00e1n: OTP Bank, OTP Faktoring K\u00f6vetel\u00e9skezel\u0151, Bosch, Tempus k\u00f6zalap\u00edtv\u00e1ny, K&amp;H Bank, Procter &amp; Gamble Hyginett Kft, Lear Corporation, Aegon, Caterpillar Engineering, [&hellip;]<\/p>\n","protected":false},"author":1,"featured_media":0,"parent":0,"menu_order":0,"comment_status":"closed","ping_status":"closed","template":"","meta":{"footnotes":""},"class_list":["post-26","page","type-page","status-publish","hentry"],"_links":{"self":[{"href":"https:\/\/ili.hu\/index.php\/wp-json\/wp\/v2\/pages\/26","targetHints":{"allow":["GET"]}}],"collection":[{"href":"https:\/\/ili.hu\/index.php\/wp-json\/wp\/v2\/pages"}],"about":[{"href":"https:\/\/ili.hu\/index.php\/wp-json\/wp\/v2\/types\/page"}],"author":[{"embeddable":true,"href":"https:\/\/ili.hu\/index.php\/wp-json\/wp\/v2\/users\/1"}],"replies":[{"embeddable":true,"href":"https:\/\/ili.hu\/index.php\/wp-json\/wp\/v2\/comments?post=26"}],"version-history":[{"count":25,"href":"https:\/\/ili.hu\/index.php\/wp-json\/wp\/v2\/pages\/26\/revisions"}],"predecessor-version":[{"id":671,"href":"https:\/\/ili.hu\/index.php\/wp-json\/wp\/v2\/pages\/26\/revisions\/671"}],"wp:attachment":[{"href":"https:\/\/ili.hu\/index.php\/wp-json\/wp\/v2\/media?parent=26"}],"curies":[{"name":"wp","href":"https:\/\/api.w.org\/{rel}","templated":true}]}}