{"id":385,"date":"2025-01-28T11:11:34","date_gmt":"2025-01-28T11:11:34","guid":{"rendered":"https:\/\/ili.hu\/?page_id=385"},"modified":"2025-01-28T13:27:05","modified_gmt":"2025-01-28T13:27:05","slug":"suti-tajekoztato","status":"publish","type":"page","link":"https:\/\/ili.hu\/index.php\/suti-tajekoztato\/","title":{"rendered":"S\u00fcti t\u00e1j\u00e9koztat\u00f3"},"content":{"rendered":"\t\t<div data-elementor-type=\"wp-page\" data-elementor-id=\"385\" class=\"elementor elementor-385\" data-elementor-post-type=\"page\">\n\t\t\t\t<div class=\"elementor-element elementor-element-a93e163 e-flex e-con-boxed e-con e-parent\" data-id=\"a93e163\" data-element_type=\"container\" data-e-type=\"container\">\n\t\t\t\t\t<div class=\"e-con-inner\">\n\t\t\t\t<div class=\"elementor-element elementor-element-d994f4b elementor-widget elementor-widget-html\" data-id=\"d994f4b\" data-element_type=\"widget\" data-e-type=\"widget\" data-widget_type=\"html.default\">\n\t\t\t\t<div class=\"elementor-widget-container\">\n\t\t\t\t\t<style>\r\n    a.cky-banner-element {\r\n        padding: 8px 30px;\r\n        background: #F8F9FA;\r\n        color: #858A8F;\r\n        border: 1px solid #DEE2E6;\r\n        box-sizing: border-box;\r\n        border-radius: 2px;\r\n        cursor: pointer;\r\n}\r\n<\/style>\r\n\r\n\r\n&nbsp;\r\n<h5>Mik azok a s\u00fctik?<\/h5>\r\n<div class=\"cookie-policy-p\"><p>Ez a Cookie-szab\u00e1lyzat elmagyar\u00e1zza, hogy mik azok a cookie-k, \u00e9s hogyan haszn\u00e1ljuk \u0151ket, milyen t\u00edpus\u00fa cookie-kat haszn\u00e1lunk, azaz milyen inform\u00e1ci\u00f3kat gy\u0171jt\u00fcnk a cookie-k seg\u00edts\u00e9g\u00e9vel, hogyan haszn\u00e1ljuk fel ezeket az inform\u00e1ci\u00f3kat, valamint hogyan kezelj\u00fck a cookie-be\u00e1ll\u00edt\u00e1sokat.<\/p> <p>Cookie-k. kism\u00e9ret\u0171 sz\u00f6veges f\u00e1jlok, amelyek kis inform\u00e1ci\u00f3r\u00e9szek t\u00e1rol\u00e1s\u00e1ra szolg\u00e1lnak. Az \u00d6n eszk\u00f6z\u00e9n t\u00e1rol\u00f3dnak, amikor a webhely bet\u00f6lt\u0151dik a b\u00f6ng\u00e9sz\u0151j\u00e9be. Ezek a cookie-k seg\u00edtenek abban, hogy a weboldal megfelel\u0151en m\u0171k\u00f6dj\u00f6n, biztons\u00e1gosabb\u00e1 tegy\u00fck, jobb felhaszn\u00e1l\u00f3i \u00e9lm\u00e9nyt ny\u00fajtsunk, \u00e9s meg\u00e9rts\u00fck, hogyan m\u0171k\u00f6dik a weboldal, \u00e9s elemezz\u00fck, mi m\u0171k\u00f6dik, \u00e9s hol van sz\u00fcks\u00e9g fejleszt\u00e9sre.<\/p><\/div>\r\n\r\n&nbsp;\r\n<h5>Hogyan haszn\u00e1ljuk a s\u00fctiket?<\/h5>\r\n<div class=\"cookie-policy-p\"><p>A legt\u00f6bb online szolg\u00e1ltat\u00e1shoz hasonl\u00f3an weboldalunk is t\u00f6bb c\u00e9lb\u00f3l bels\u0151 \u00e9s harmadik f\u00e9lt\u0151l sz\u00e1rmaz\u00f3 s\u00fctiket haszn\u00e1l. A bels\u0151 cookie-k t\u00f6bbnyire sz\u00fcks\u00e9gesek a webhely megfelel\u0151 m\u0171k\u00f6d\u00e9s\u00e9hez, \u00e9s nem gy\u0171jtik az \u00d6n szem\u00e9lyazonos\u00edt\u00e1sra alkalmas adatait.<\/p> <p>A weboldalunkon haszn\u00e1lt harmadik f\u00e9lt\u0151l sz\u00e1rmaz\u00f3 cookie-k f\u0151k\u00e9nt annak meg\u00e9rt\u00e9s\u00e9t szolg\u00e1lj\u00e1k, hogyan a webhely teljes\u00edtm\u00e9nye, hogyan l\u00e9p kapcsolatba a webhely\u00fcnkkel, szolg\u00e1ltat\u00e1saink biztons\u00e1g\u00e1nak meg\u0151rz\u00e9se, az \u00d6n sz\u00e1m\u00e1ra relev\u00e1ns hirdet\u00e9sek megjelen\u00edt\u00e9se, \u00e9s \u00f6sszess\u00e9g\u00e9ben jobb \u00e9s jobb felhaszn\u00e1l\u00f3i \u00e9lm\u00e9ny biztos\u00edt\u00e1sa, valamint a webhely\u00fcnkkel val\u00f3 j\u00f6v\u0151beni interakci\u00f3k felgyors\u00edt\u00e1sa.<\/p><\/div>\r\n\r\n&nbsp;\r\n    <h5>Az \u00e1ltalunk haszn\u00e1lt s\u00fctik t\u00edpusai<\/h5>\r\n\r\n    <div class=\"cky-audit-table-element\"><\/div>\r\n&nbsp;\r\n    <h5 style=\"margin-bottom:20px;\">Cookie-be\u00e1ll\u00edt\u00e1sok kezel\u00e9se<\/h5>\r\n\r\n    <a class=\"cky-banner-element\">S\u00fcti be\u00e1ll\u00edt\u00e1sok<\/a> <br><br>\r\n\r\n    <div><p>A fenti gombra kattintva b\u00e1rmikor m\u00f3dos\u00edthatja cookie-be\u00e1ll\u00edt\u00e1sait. Ez lehet\u0151v\u00e9 teszi, hogy \u00fajra megl\u00e1togassa a cookie-k hozz\u00e1j\u00e1rul\u00e1s\u00e1t tartalmaz\u00f3 szalaghirdet\u00e9st, \u00e9s m\u00f3dos\u00edtsa be\u00e1ll\u00edt\u00e1sait, vagy azonnal visszavonja hozz\u00e1j\u00e1rul\u00e1s\u00e1t.<\/p><p>Ezen t\u00falmen\u0151en a k\u00fcl\u00f6nb\u00f6z\u0151 b\u00f6ng\u00e9sz\u0151k k\u00fcl\u00f6nb\u00f6z\u0151 m\u00f3dszereket biztos\u00edtanak a webhelyek \u00e1ltal haszn\u00e1lt cookie-k blokkol\u00e1s\u00e1ra \u00e9s t\u00f6rl\u00e9s\u00e9re. A cookie-k letilt\u00e1s\u00e1hoz\/t\u00f6rl\u00e9s\u00e9hez m\u00f3dos\u00edthatja b\u00f6ng\u00e9sz\u0151je be\u00e1ll\u00edt\u00e1sait. Az al\u00e1bbiakban a f\u0151 webb\u00f6ng\u00e9sz\u0151k cookie-jainak kezel\u00e9s\u00e9vel \u00e9s t\u00f6rl\u00e9s\u00e9vel kapcsolatos t\u00e1mogat\u00e1si dokumentumokra mutat\u00f3 hivatkoz\u00e1sok tal\u00e1lhat\u00f3k.<\/p><p>Chrome: <a href=\"https:\/\/support.google.com\/accounts\/answer\/32050\" rel=\"noopener noreferrer\" target=\"_blank\">https:\/\/support.google.com\/accounts\/answer\/32050<\/a><\/p><p>Safari: <a href=\"https:\/\/support.apple.com\/en-in\/guide\/safari\/sfri11471\/mac\" rel=\"noopener noreferrer\" target=\"_blank\">https:\/\/support.apple.com\/en-in\/guide\/safari\/sfri11471\/mac<\/a><\/p><p>Firefox: <a href=\"https:\/\/support.mozilla.org\/en-US\/kb\/clear-cookies-and-site-data-firefox?redirectslug=delete-cookies-remove-info-websites-stored&amp;redirectlocale=en-US\" rel=\"noopener noreferrer\" target=\"_blank\">https:\/\/support.mozilla.org\/en-US\/kb\/clear-cookies-and-site-data-firefox?redirectslug=delete-cookies-remove-info-websites-stored&amp;redirectlocale=en-US<\/a><\/p><p>Internet Explorer: <a href=\"https:\/\/support.microsoft.com\/en-us\/topic\/how-to-delete-cookie-files-in-internet-explorer-bca9446f-d873-78de-77ba-d42645fa52fc\" rel=\"noopener noreferrer\" target=\"_blank\">https:\/\/support.microsoft.com\/en-us\/topic\/how-to-delete-cookie-files-in-internet-explorer-bca9446f-d873-78de-77ba-d42645fa52fc<\/a><\/p><p>Ha m\u00e1s webb\u00f6ng\u00e9sz\u0151t haszn\u00e1l, k\u00e9rj\u00fck, keresse fel b\u00f6ng\u00e9sz\u0151je hivatalos t\u00e1mogat\u00e1si dokumentumait.<\/p><\/div>\r\n\r\n\r\n\t\t\t\t<\/div>\n\t\t\t\t<\/div>\n\t\t\t\t\t<\/div>\n\t\t\t\t<\/div>\n\t\t\t\t<\/div>\n\t\t","protected":false},"excerpt":{"rendered":"<p>&nbsp; Mik azok a s\u00fctik? Ez a Cookie-szab\u00e1lyzat elmagyar\u00e1zza, hogy mik azok a cookie-k, \u00e9s hogyan haszn\u00e1ljuk \u0151ket, milyen t\u00edpus\u00fa cookie-kat haszn\u00e1lunk, azaz milyen inform\u00e1ci\u00f3kat gy\u0171jt\u00fcnk a cookie-k seg\u00edts\u00e9g\u00e9vel, hogyan haszn\u00e1ljuk fel ezeket az inform\u00e1ci\u00f3kat, valamint hogyan kezelj\u00fck a cookie-be\u00e1ll\u00edt\u00e1sokat. Cookie-k. kism\u00e9ret\u0171 sz\u00f6veges f\u00e1jlok, amelyek kis inform\u00e1ci\u00f3r\u00e9szek t\u00e1rol\u00e1s\u00e1ra szolg\u00e1lnak. Az \u00d6n eszk\u00f6z\u00e9n t\u00e1rol\u00f3dnak, amikor a [&hellip;]<\/p>\n","protected":false},"author":1,"featured_media":0,"parent":0,"menu_order":0,"comment_status":"closed","ping_status":"closed","template":"","meta":{"footnotes":""},"class_list":["post-385","page","type-page","status-publish","hentry"],"_links":{"self":[{"href":"https:\/\/ili.hu\/index.php\/wp-json\/wp\/v2\/pages\/385","targetHints":{"allow":["GET"]}}],"collection":[{"href":"https:\/\/ili.hu\/index.php\/wp-json\/wp\/v2\/pages"}],"about":[{"href":"https:\/\/ili.hu\/index.php\/wp-json\/wp\/v2\/types\/page"}],"author":[{"embeddable":true,"href":"https:\/\/ili.hu\/index.php\/wp-json\/wp\/v2\/users\/1"}],"replies":[{"embeddable":true,"href":"https:\/\/ili.hu\/index.php\/wp-json\/wp\/v2\/comments?post=385"}],"version-history":[{"count":7,"href":"https:\/\/ili.hu\/index.php\/wp-json\/wp\/v2\/pages\/385\/revisions"}],"predecessor-version":[{"id":405,"href":"https:\/\/ili.hu\/index.php\/wp-json\/wp\/v2\/pages\/385\/revisions\/405"}],"wp:attachment":[{"href":"https:\/\/ili.hu\/index.php\/wp-json\/wp\/v2\/media?parent=385"}],"curies":[{"name":"wp","href":"https:\/\/api.w.org\/{rel}","templated":true}]}}